{"id":13,"date":"2025-05-21T16:28:20","date_gmt":"2025-05-21T14:28:20","guid":{"rendered":"http:\/\/proandre.com\/?page_id=13"},"modified":"2025-05-21T16:29:16","modified_gmt":"2025-05-21T14:29:16","slug":"politica-de-privacidad","status":"publish","type":"page","link":"https:\/\/proandre.com\/en\/politica-de-privacidad\/","title":{"rendered":"Privacy Policy"},"content":{"rendered":"<h2 class=\"wp-block-heading\">BASIC INFORMATION ON DATA PROTECTION<\/h2>\n\n\n\n<p>Responsible for the treatment Proandre SL<\/p>\n\n\n\n<figure class=\"wp-block-table\"><table class=\"has-fixed-layout\"><tbody><tr><td>Purpose<\/td><td>Addressing their requests<\/td><\/tr><tr><td>Legitimation<\/td><td>Consent<\/td><\/tr><tr><td>Addressees<\/td><td>No data will be passed on to third parties, unless legally obliged to do so.<\/td><\/tr><tr><td>Data subjects' rights<\/td><td>Access, rectification, deletion, portability, limitation of processing, and opposition to processing, by writing to the following e-mail address: info@proandre.com<\/td><\/tr><\/tbody><\/table><\/figure>\n\n\n\n<h3 class=\"wp-block-heading\">1. GENERAL INFORMATION<\/h3>\n\n\n\n<p>This text contains the privacy policy (hereinafter, the \u201cPrivacy Policy\u201d) applied to your personal data on this website https:\/\/proandre.com (hereinafter, the \u201cWebsite\u201d), in compliance with the regulations on privacy protection, and specifically, in accordance with the Data Protection Regulation 2016\/679 (GDPR), as well as other similar or complementary regulations.<\/p>\n\n\n\n<h3 class=\"wp-block-heading\">2. IDENTIFICATION DATA<\/h3>\n\n\n\n<p>The identification and contact details of the owner and person responsible for the website are given below:<\/p>\n\n\n\n<p>Proandre SL<br>Calle conestable de portugal, 43 - 45 3, granollers, 08402, Barcelona<br>VAT NO: B62820220<br>Telephone: 938600341<br>Email: info@proandre.com<\/p>\n\n\n\n<h3 class=\"wp-block-heading\">3. PURPOSE OF DATA PROCESSING<\/h3>\n\n\n\n<p>The Website collects personal data of the user, either collected automatically during the use of the Website, or provided voluntarily by the user in the informed sections of the Website. All personal data collected are included in files under the responsibility of the owner of the website. Said data will be processed for the following purposes:<\/p>\n\n\n\n<ul class=\"wp-block-list\">\n<li>To take your CV into account in the recruitment process.<\/li>\n\n\n\n<li>To send advertising communications (in the event that you expressly authorise it at the appropriate time) related to the products and services offered on the Web.<\/li>\n\n\n\n<li>In order to contact the user.<\/li>\n<\/ul>\n\n\n\n<p>The legal basis for the processing of your data is the consent you give us when you contact us and provide us with your personal data.<\/p>\n\n\n\n<p>Before you provide us with personal data of third parties, you must have previously obtained their consent to the content of this Privacy Policy.<\/p>\n\n\n\n<p>If you voluntarily provide us with personal data, you tacitly consent to the Website Owner processing your data as detailed here. In the event that the personal data provided by the user is used for purposes other than those stated, the user's express consent will be requested.<\/p>\n\n\n\n<p>For further information about your personal data and the purpose of its processing, please contact the Website Owner.<\/p>\n\n\n\n<p>The data obtained will be kept for the time required to deal with your request.<\/p>\n\n\n\n<h3 class=\"wp-block-heading\">4. SECURITY AND COMPLIANCE<\/h3>\n\n\n\n<p>The Owner of the Website will treat user data in an appropriate and responsible manner, and will adopt all the technical and organisational measures required by current legislation on data protection, in order to prevent the alteration, loss, processing or unauthorised access to the data.<\/p>\n\n\n\n<h3 class=\"wp-block-heading\">5. THIRD PARTY SERVICES<\/h3>\n\n\n\n<p>We will not pass on your data to third parties unless we are legally obliged to do so.<\/p>\n\n\n\n<h3 class=\"wp-block-heading\">6. RIGHTS<\/h3>\n\n\n\n<p>You may exercise your rights of access, rectification, erasure, portability, limitation and opposition to processing by sending a written communication together with a copy of your national identity card, passport or other valid document that identifies you, the request you are making, your address for notification purposes, the date and your signature, together with the documents that accredit the request, if applicable, to the address Calle conestable de portugal, 43 - 45 3, granollers, 08402, Barcelona, or by sending an e-mail to info@proandre.com.<\/p>\n\n\n\n<p>You also have the right to lodge a complaint with the Spanish Data Protection Agency if you are not satisfied with the handling of your rights.<a href=\"https:\/\/plantilla.dev-webbing.online\/politica-de-privacidad\/#\" target=\"_blank\" rel=\"noreferrer noopener\"><\/a><\/p>","protected":false},"excerpt":{"rendered":"<p>INFORMACI\u00d3N B\u00c1SICA SOBRE PROTECCI\u00d3N DE DATOS Responsable del Tratamiento Proandre SL Finalidad Atender sus peticiones Legitimaci\u00f3n Consentimiento Destinatarios No se ceder\u00e1n datos a terceros, salvo obligaci\u00f3n legal Derechos de los titulares de los datos De acceso, rectificaci\u00f3n, supresi\u00f3n, portabilidad, limitaci\u00f3n&#8230;<\/p>","protected":false},"author":1,"featured_media":0,"parent":0,"menu_order":0,"comment_status":"closed","ping_status":"closed","template":"","meta":{"footnotes":""},"class_list":["post-13","page","type-page","status-publish","hentry"],"yoast_head":"<!-- This site is optimized with the Yoast SEO plugin v27.6 - https:\/\/yoast.com\/product\/yoast-seo-wordpress\/ -->\n<title>Pol\u00edtica de Privacidad - Productos de Higiene y Ambientaci\u00f3n<\/title>\n<meta name=\"robots\" content=\"index, follow, max-snippet:-1, max-image-preview:large, max-video-preview:-1\" \/>\n<link rel=\"canonical\" href=\"https:\/\/proandre.com\/en\/politica-de-privacidad\/\" \/>\n<meta property=\"og:locale\" content=\"en_GB\" \/>\n<meta property=\"og:type\" content=\"article\" \/>\n<meta property=\"og:title\" content=\"Pol\u00edtica de Privacidad - Productos de Higiene y Ambientaci\u00f3n\" \/>\n<meta property=\"og:description\" content=\"INFORMACI\u00d3N B\u00c1SICA SOBRE PROTECCI\u00d3N DE DATOS Responsable del Tratamiento Proandre SL Finalidad Atender sus peticiones Legitimaci\u00f3n Consentimiento Destinatarios No se ceder\u00e1n datos a terceros, salvo obligaci\u00f3n legal Derechos de los titulares de los datos De acceso, rectificaci\u00f3n, supresi\u00f3n, portabilidad, limitaci\u00f3n...\" \/>\n<meta property=\"og:url\" content=\"https:\/\/proandre.com\/en\/politica-de-privacidad\/\" \/>\n<meta property=\"og:site_name\" content=\"Productos de Higiene y Ambientaci\u00f3n\" \/>\n<meta property=\"article:modified_time\" content=\"2025-05-21T14:29:16+00:00\" \/>\n<meta name=\"twitter:card\" content=\"summary_large_image\" \/>\n<meta name=\"twitter:label1\" content=\"Estimated reading time\" \/>\n\t<meta name=\"twitter:data1\" content=\"3 minutes\" \/>\n<script type=\"application\/ld+json\" class=\"yoast-schema-graph\">{\"@context\":\"https:\\\/\\\/schema.org\",\"@graph\":[{\"@type\":\"WebPage\",\"@id\":\"https:\\\/\\\/proandre.com\\\/politica-de-privacidad\\\/\",\"url\":\"https:\\\/\\\/proandre.com\\\/politica-de-privacidad\\\/\",\"name\":\"Pol\u00edtica de Privacidad - Productos de Higiene y Ambientaci\u00f3n\",\"isPartOf\":{\"@id\":\"https:\\\/\\\/proandre.com\\\/#website\"},\"datePublished\":\"2025-05-21T14:28:20+00:00\",\"dateModified\":\"2025-05-21T14:29:16+00:00\",\"breadcrumb\":{\"@id\":\"https:\\\/\\\/proandre.com\\\/politica-de-privacidad\\\/#breadcrumb\"},\"inLanguage\":\"en-GB\",\"potentialAction\":[{\"@type\":\"ReadAction\",\"target\":[\"https:\\\/\\\/proandre.com\\\/politica-de-privacidad\\\/\"]}]},{\"@type\":\"BreadcrumbList\",\"@id\":\"https:\\\/\\\/proandre.com\\\/politica-de-privacidad\\\/#breadcrumb\",\"itemListElement\":[{\"@type\":\"ListItem\",\"position\":1,\"name\":\"Portada\",\"item\":\"https:\\\/\\\/proandre.com\\\/\"},{\"@type\":\"ListItem\",\"position\":2,\"name\":\"Pol\u00edtica de Privacidad\"}]},{\"@type\":\"WebSite\",\"@id\":\"https:\\\/\\\/proandre.com\\\/#website\",\"url\":\"https:\\\/\\\/proandre.com\\\/\",\"name\":\"Proandre\",\"description\":\"Proandre es una empresa espa\u00f1ola con presencia internacional, dedicada a la fabricaci\u00f3n y comercializaci\u00f3n de productos de higiene y ambientaci\u00f3n, as\u00ed como complementos para las empresas de control de plagas\",\"publisher\":{\"@id\":\"https:\\\/\\\/proandre.com\\\/#organization\"},\"potentialAction\":[{\"@type\":\"SearchAction\",\"target\":{\"@type\":\"EntryPoint\",\"urlTemplate\":\"https:\\\/\\\/proandre.com\\\/?s={search_term_string}\"},\"query-input\":{\"@type\":\"PropertyValueSpecification\",\"valueRequired\":true,\"valueName\":\"search_term_string\"}}],\"inLanguage\":\"en-GB\"},{\"@type\":\"Organization\",\"@id\":\"https:\\\/\\\/proandre.com\\\/#organization\",\"name\":\"Proandre\",\"url\":\"https:\\\/\\\/proandre.com\\\/\",\"logo\":{\"@type\":\"ImageObject\",\"inLanguage\":\"en-GB\",\"@id\":\"https:\\\/\\\/proandre.com\\\/#\\\/schema\\\/logo\\\/image\\\/\",\"url\":\"https:\\\/\\\/proandre.com\\\/wp-content\\\/uploads\\\/2025\\\/05\\\/logo-proandre.png\",\"contentUrl\":\"https:\\\/\\\/proandre.com\\\/wp-content\\\/uploads\\\/2025\\\/05\\\/logo-proandre.png\",\"width\":640,\"height\":90,\"caption\":\"Proandre\"},\"image\":{\"@id\":\"https:\\\/\\\/proandre.com\\\/#\\\/schema\\\/logo\\\/image\\\/\"}}]}<\/script>\n<!-- \/ Yoast SEO plugin. -->","yoast_head_json":{"title":"Pol\u00edtica de Privacidad - Productos de Higiene y Ambientaci\u00f3n","robots":{"index":"index","follow":"follow","max-snippet":"max-snippet:-1","max-image-preview":"max-image-preview:large","max-video-preview":"max-video-preview:-1"},"canonical":"https:\/\/proandre.com\/en\/politica-de-privacidad\/","og_locale":"en_GB","og_type":"article","og_title":"Pol\u00edtica de Privacidad - Productos de Higiene y Ambientaci\u00f3n","og_description":"INFORMACI\u00d3N B\u00c1SICA SOBRE PROTECCI\u00d3N DE DATOS Responsable del Tratamiento Proandre SL Finalidad Atender sus peticiones Legitimaci\u00f3n Consentimiento Destinatarios No se ceder\u00e1n datos a terceros, salvo obligaci\u00f3n legal Derechos de los titulares de los datos De acceso, rectificaci\u00f3n, supresi\u00f3n, portabilidad, limitaci\u00f3n...","og_url":"https:\/\/proandre.com\/en\/politica-de-privacidad\/","og_site_name":"Productos de Higiene y Ambientaci\u00f3n","article_modified_time":"2025-05-21T14:29:16+00:00","twitter_card":"summary_large_image","twitter_misc":{"Estimated reading time":"3 minutes"},"schema":{"@context":"https:\/\/schema.org","@graph":[{"@type":"WebPage","@id":"https:\/\/proandre.com\/politica-de-privacidad\/","url":"https:\/\/proandre.com\/politica-de-privacidad\/","name":"Pol\u00edtica de Privacidad - Productos de Higiene y Ambientaci\u00f3n","isPartOf":{"@id":"https:\/\/proandre.com\/#website"},"datePublished":"2025-05-21T14:28:20+00:00","dateModified":"2025-05-21T14:29:16+00:00","breadcrumb":{"@id":"https:\/\/proandre.com\/politica-de-privacidad\/#breadcrumb"},"inLanguage":"en-GB","potentialAction":[{"@type":"ReadAction","target":["https:\/\/proandre.com\/politica-de-privacidad\/"]}]},{"@type":"BreadcrumbList","@id":"https:\/\/proandre.com\/politica-de-privacidad\/#breadcrumb","itemListElement":[{"@type":"ListItem","position":1,"name":"Portada","item":"https:\/\/proandre.com\/"},{"@type":"ListItem","position":2,"name":"Pol\u00edtica de Privacidad"}]},{"@type":"WebSite","@id":"https:\/\/proandre.com\/#website","url":"https:\/\/proandre.com\/","name":"Proandre","description":"Proandre es una empresa espa\u00f1ola con presencia internacional, dedicada a la fabricaci\u00f3n y comercializaci\u00f3n de productos de higiene y ambientaci\u00f3n, as\u00ed como complementos para las empresas de control de plagas","publisher":{"@id":"https:\/\/proandre.com\/#organization"},"potentialAction":[{"@type":"SearchAction","target":{"@type":"EntryPoint","urlTemplate":"https:\/\/proandre.com\/?s={search_term_string}"},"query-input":{"@type":"PropertyValueSpecification","valueRequired":true,"valueName":"search_term_string"}}],"inLanguage":"en-GB"},{"@type":"Organization","@id":"https:\/\/proandre.com\/#organization","name":"Proandre","url":"https:\/\/proandre.com\/","logo":{"@type":"ImageObject","inLanguage":"en-GB","@id":"https:\/\/proandre.com\/#\/schema\/logo\/image\/","url":"https:\/\/proandre.com\/wp-content\/uploads\/2025\/05\/logo-proandre.png","contentUrl":"https:\/\/proandre.com\/wp-content\/uploads\/2025\/05\/logo-proandre.png","width":640,"height":90,"caption":"Proandre"},"image":{"@id":"https:\/\/proandre.com\/#\/schema\/logo\/image\/"}}]}},"_links":{"self":[{"href":"https:\/\/proandre.com\/en\/wp-json\/wp\/v2\/pages\/13","targetHints":{"allow":["GET"]}}],"collection":[{"href":"https:\/\/proandre.com\/en\/wp-json\/wp\/v2\/pages"}],"about":[{"href":"https:\/\/proandre.com\/en\/wp-json\/wp\/v2\/types\/page"}],"author":[{"embeddable":true,"href":"https:\/\/proandre.com\/en\/wp-json\/wp\/v2\/users\/1"}],"replies":[{"embeddable":true,"href":"https:\/\/proandre.com\/en\/wp-json\/wp\/v2\/comments?post=13"}],"version-history":[{"count":2,"href":"https:\/\/proandre.com\/en\/wp-json\/wp\/v2\/pages\/13\/revisions"}],"predecessor-version":[{"id":16,"href":"https:\/\/proandre.com\/en\/wp-json\/wp\/v2\/pages\/13\/revisions\/16"}],"wp:attachment":[{"href":"https:\/\/proandre.com\/en\/wp-json\/wp\/v2\/media?parent=13"}],"curies":[{"name":"wp","href":"https:\/\/api.w.org\/{rel}","templated":true}]}}