{"id":17,"date":"2025-05-21T16:29:40","date_gmt":"2025-05-21T14:29:40","guid":{"rendered":"http:\/\/proandre.com\/mas-informacion-sobre-las-cookies\/"},"modified":"2025-05-21T16:29:40","modified_gmt":"2025-05-21T14:29:40","slug":"mas-informacion-sobre-las-cookies","status":"publish","type":"page","link":"https:\/\/proandre.com\/en\/mas-informacion-sobre-las-cookies\/","title":{"rendered":"More information about cookies"},"content":{"rendered":"<h2>What is a cookie?<\/h2>\n<p>\n\tA <em>cookie<\/em> is a text file <b>harmless<\/b> that is stored in your browser when you visit almost any website. The usefulness of the <em>cookie<\/em> is that the website is able to remember your visit when you return to that page. Although many people do not know that <em>cookies<\/em> have been in use for 20 years, when the first browsers for the World Wide Web appeared.\n<\/p>\n<h2>What is NOT a cookie?<\/h2>\n<p>\n\tIt is not a virus, Trojan, worm, spam, spyware or pop-up.\n<\/p>\n<h2>What information is stored in a <em>cookie<\/em>?<\/h2>\n<p>\n\tThe <em>cookies<\/em> do not usually store sensitive information about you, such as credit card or bank details, photographs, your ID card or personal information, etc. The data they do store is of a technical nature, personal preferences, personalisation of content, etc.\n<\/p>\n<p>\n\tThe web server does not associate you as a person but your web browser. In fact, if you usually browse with Internet Explorer and try browsing the same website with Firefox or Chrome you will see that the web does not realise that you are the same person because it is actually associating the browser, not the person.\n<\/p>\n<h2>What kind of <em>cookies<\/em> do they exist?<\/h2>\n<ul>\n<li><em>Cookies<\/em> technical: These are the most elementary and allow, among other things, to know when a human or an automated application is browsing, when an anonymous and a registered user is browsing, basic tasks for the functioning of any dynamic website.<\/li>\n<li><em>Cookies<\/em> analysis: They collect information on the type of browsing you are doing, the sections you use most, products consulted, time of use, language, etc.<\/li>\n<li><em>Cookies<\/em> advertising: They display advertising based on your browsing habits, your country of origin, language, etc.<\/li>\n<\/ul>\n<h2>What are the <em>cookies<\/em> and those of third parties?<\/h2>\n<p>\n\tThe <em>own cookies<\/em> are the ones generated by the page you are visiting and the ones generated by the <em>of third parties<\/em> are those generated by external services or providers such as Facebook, Twitter, Google, etc.\n<\/p>\n<h2>What happens if I deactivate the <em>cookies<\/em>?<\/h2>\n<p>\n\tIn order for you to understand how far-reaching it can be to deactivate the <em>cookies<\/em> Here are some examples:<\/p>\n<ul>\n<li>You may not share content from that website on Facebook, Twitter or any other social network.<\/li>\n<li>The website will not be able to adapt the contents to your personal preferences, as is often the case with online shops.<\/li>\n<li>You will not be able to access the personal area of that website, for example <em>My account<\/em>, o <em>My profile<\/em> o <em>My orders<\/em>.<\/li>\n<li>Online shops: It will be impossible for you to shop online, you will have to do so by telephone or by visiting the physical shop if you have one.<\/li>\n<li>It will not be possible to customise your geographical preferences such as time zone, currency or language.<\/li>\n<li>The website will not be able to perform web analytics on visitors and web traffic, which will make it difficult for the website to be competitive.<\/li>\n<li>You will not be able to write on the blog, upload photos, post comments, rate or rate content. The website will not be able to know whether you are a human or an automated application that publishes content. <em>spam<\/em>.<\/li>\n<li>It will not be possible to display targeted advertising, which will reduce the website's advertising revenue.<\/li>\n<li>All social networks use <em>cookies<\/em>, If you deactivate them, you will not be able to use any social network.<\/li>\n<\/ul>\n<h2>Can the <em>cookies<\/em>?<\/h2>\n<p>\n\tYes, not only delete, but also block, either generally or for a specific domain.\n<\/p>\n<p>\n\tTo remove the <em>cookies<\/em> If you do not have a domain name, you should go to your browser settings and search for those associated with the domain in question and proceed to delete them.\n<\/p>\n<h2 id=\"navegadores\">Configuration of <em>cookies<\/em> for the most popular browsers<\/h2>\n<p>\n\tHere's how to access a <em>cookie<\/em> determined by the browser <b>Chrome<\/b>. Note: These steps may vary depending on your browser version:<\/p>\n<ol>\n<li>Go to Settings or Preferences via the File menu or by clicking on the customisation icon at the top right.<\/li>\n<li>You will see different sections, click on the option <em>Show advanced options<\/em>.<\/li>\n<li>Go to <em>Privacy<\/em>, <em>Content configuration<\/em>.<\/li>\n<li>Select <em>All the <em>cookies<\/em> and site data<\/em>.<\/li>\n<li>A list will be displayed with all the <em>cookies<\/em> sorted by domain. To make it easier for you to find the <em>cookies<\/em> for a given domain, enter part or all of the address in the field <em>Search for cookies<\/em>.<\/li>\n<li>After making this filter, one or more lines will appear on the screen with the <em>cookies<\/em> of the requested website. Now all you have to do is select it and press the <em>X<\/em> to proceed with their elimination.<\/li>\n<\/ol>\n<p>\n\tTo access the configuration of <em>cookies<\/em> of the browser <b>Internet Explorer<\/b> follow these steps (may vary depending on browser version):<\/p>\n<ol>\n<li>Go to <em>Tools<\/em>, <em>Internet Options<\/em><\/li>\n<li>Click on <em>Privacy<\/em>.<\/li>\n<li>Move the slider to set the desired privacy level.<\/li>\n<\/ol>\n<p>\n\tTo access the configuration of <em>cookies<\/em> of the browser <b>Firefox<\/b> follow these steps (may vary depending on browser version):<\/p>\n<ol>\n<li>Go to <em>Options<\/em> o <em>Preferences<\/em> depending on your operating system.<\/li>\n<li>Click on <em>Privacy<\/em>.<\/li>\n<li>At <em>History<\/em> choose <em>Use custom settings for history<\/em>.<\/li>\n<li>You will now see the option <em>Accept cookies<\/em>, You can activate or deactivate it according to your preferences.<\/li>\n<\/ol>\n<p>\n\tTo access the configuration of <em>cookies<\/em> of the browser <b>Safari for OSX<\/b> follow these steps (may vary depending on browser version):<\/p>\n<ol>\n<li>Go to <em>Preferences<\/em>, then <em>Privacy<\/em>.<\/li>\n<li>Here you will see the option <em>Block cookies<\/em> to set the type of blocking you want to perform.<\/li>\n<\/ol>\n<p>\n\tTo access the configuration of <em>cookies<\/em> of the browser <b>Safari for iOS<\/b> follow these steps (may vary depending on browser version):<\/p>\n<ol>\n<li>Go to <em>Adjustments<\/em>, then <em>Safari<\/em>.<\/li>\n<li>Go to <em>Privacy and Security<\/em>, you will see the option <em>Block cookies<\/em> to set the type of blocking you want to perform.<\/li>\n<\/ol>\n<p>\n\tTo access the configuration of <em>cookies<\/em> of the browser for devices <b>Android<\/b> follow these steps (may vary depending on browser version):<\/p>\n<ol>\n<li>Launch the browser and press the <em>Menu<\/em>, then <em>Adjustments<\/em>.<\/li>\n<li>Go to <em>Security and Privacy<\/em>, you will see the option <em>Accept cookies<\/em> to check or uncheck the box.<\/li>\n<\/ol>\n<p>\n\tTo access the configuration of <em>cookies<\/em> of the browser for devices <b>Windows Phone<\/b> follow these steps (may vary depending on browser version):<\/p>\n<ol>\n<li>Open <em>Internet Explorer<\/em>, then <em>More<\/em>, then <em>Configuration<\/em><\/li>\n<li>You can now activate or deactivate the <em>Allow cookies<\/em>.<\/li>\n<\/ol>","protected":false},"excerpt":{"rendered":"<p>\u00bfQu\u00e9 es una cookie? Una cookie es un fichero de texto inofensivo que se almacena en su navegador cuando visita casi cualquier p\u00e1gina web. La utilidad de la cookie es que la web sea capaz de recordar su visita cuando&#8230;<\/p>","protected":false},"author":1,"featured_media":0,"parent":0,"menu_order":0,"comment_status":"closed","ping_status":"closed","template":"","meta":{"footnotes":""},"class_list":["post-17","page","type-page","status-publish","hentry"],"yoast_head":"<!-- This site is optimized with the Yoast SEO plugin v27.4 - https:\/\/yoast.com\/product\/yoast-seo-wordpress\/ -->\n<title>M\u00e1s informaci\u00f3n sobre las cookies - Productos de Higiene y Ambientaci\u00f3n<\/title>\n<meta name=\"robots\" content=\"index, follow, max-snippet:-1, max-image-preview:large, max-video-preview:-1\" \/>\n<link rel=\"canonical\" href=\"https:\/\/proandre.com\/en\/mas-informacion-sobre-las-cookies\/\" \/>\n<meta property=\"og:locale\" content=\"en_GB\" \/>\n<meta property=\"og:type\" content=\"article\" \/>\n<meta property=\"og:title\" content=\"M\u00e1s informaci\u00f3n sobre las cookies - Productos de Higiene y Ambientaci\u00f3n\" \/>\n<meta property=\"og:description\" content=\"\u00bfQu\u00e9 es una cookie? Una cookie es un fichero de texto inofensivo que se almacena en su navegador cuando visita casi cualquier p\u00e1gina web. La utilidad de la cookie es que la web sea capaz de recordar su visita cuando...\" \/>\n<meta property=\"og:url\" content=\"https:\/\/proandre.com\/en\/mas-informacion-sobre-las-cookies\/\" \/>\n<meta property=\"og:site_name\" content=\"Productos de Higiene y Ambientaci\u00f3n\" \/>\n<meta name=\"twitter:card\" content=\"summary_large_image\" \/>\n<meta name=\"twitter:label1\" content=\"Estimated reading time\" \/>\n\t<meta name=\"twitter:data1\" content=\"5 minutes\" \/>\n<script type=\"application\/ld+json\" class=\"yoast-schema-graph\">{\"@context\":\"https:\\\/\\\/schema.org\",\"@graph\":[{\"@type\":\"WebPage\",\"@id\":\"https:\\\/\\\/proandre.com\\\/mas-informacion-sobre-las-cookies\\\/\",\"url\":\"https:\\\/\\\/proandre.com\\\/mas-informacion-sobre-las-cookies\\\/\",\"name\":\"M\u00e1s informaci\u00f3n sobre las cookies - Productos de Higiene y Ambientaci\u00f3n\",\"isPartOf\":{\"@id\":\"https:\\\/\\\/proandre.com\\\/#website\"},\"datePublished\":\"2025-05-21T14:29:40+00:00\",\"breadcrumb\":{\"@id\":\"https:\\\/\\\/proandre.com\\\/mas-informacion-sobre-las-cookies\\\/#breadcrumb\"},\"inLanguage\":\"en-GB\",\"potentialAction\":[{\"@type\":\"ReadAction\",\"target\":[\"https:\\\/\\\/proandre.com\\\/mas-informacion-sobre-las-cookies\\\/\"]}]},{\"@type\":\"BreadcrumbList\",\"@id\":\"https:\\\/\\\/proandre.com\\\/mas-informacion-sobre-las-cookies\\\/#breadcrumb\",\"itemListElement\":[{\"@type\":\"ListItem\",\"position\":1,\"name\":\"Portada\",\"item\":\"https:\\\/\\\/proandre.com\\\/\"},{\"@type\":\"ListItem\",\"position\":2,\"name\":\"M\u00e1s informaci\u00f3n sobre las cookies\"}]},{\"@type\":\"WebSite\",\"@id\":\"https:\\\/\\\/proandre.com\\\/#website\",\"url\":\"https:\\\/\\\/proandre.com\\\/\",\"name\":\"Proandre\",\"description\":\"Proandre es una empresa espa\u00f1ola con presencia internacional, dedicada a la fabricaci\u00f3n y comercializaci\u00f3n de productos de higiene y ambientaci\u00f3n, as\u00ed como complementos para las empresas de control de plagas\",\"publisher\":{\"@id\":\"https:\\\/\\\/proandre.com\\\/#organization\"},\"potentialAction\":[{\"@type\":\"SearchAction\",\"target\":{\"@type\":\"EntryPoint\",\"urlTemplate\":\"https:\\\/\\\/proandre.com\\\/?s={search_term_string}\"},\"query-input\":{\"@type\":\"PropertyValueSpecification\",\"valueRequired\":true,\"valueName\":\"search_term_string\"}}],\"inLanguage\":\"en-GB\"},{\"@type\":\"Organization\",\"@id\":\"https:\\\/\\\/proandre.com\\\/#organization\",\"name\":\"Proandre\",\"url\":\"https:\\\/\\\/proandre.com\\\/\",\"logo\":{\"@type\":\"ImageObject\",\"inLanguage\":\"en-GB\",\"@id\":\"https:\\\/\\\/proandre.com\\\/#\\\/schema\\\/logo\\\/image\\\/\",\"url\":\"https:\\\/\\\/proandre.com\\\/wp-content\\\/uploads\\\/2025\\\/05\\\/logo-proandre.png\",\"contentUrl\":\"https:\\\/\\\/proandre.com\\\/wp-content\\\/uploads\\\/2025\\\/05\\\/logo-proandre.png\",\"width\":640,\"height\":90,\"caption\":\"Proandre\"},\"image\":{\"@id\":\"https:\\\/\\\/proandre.com\\\/#\\\/schema\\\/logo\\\/image\\\/\"}}]}<\/script>\n<!-- \/ Yoast SEO plugin. -->","yoast_head_json":{"title":"M\u00e1s informaci\u00f3n sobre las cookies - Productos de Higiene y Ambientaci\u00f3n","robots":{"index":"index","follow":"follow","max-snippet":"max-snippet:-1","max-image-preview":"max-image-preview:large","max-video-preview":"max-video-preview:-1"},"canonical":"https:\/\/proandre.com\/en\/mas-informacion-sobre-las-cookies\/","og_locale":"en_GB","og_type":"article","og_title":"M\u00e1s informaci\u00f3n sobre las cookies - Productos de Higiene y Ambientaci\u00f3n","og_description":"\u00bfQu\u00e9 es una cookie? Una cookie es un fichero de texto inofensivo que se almacena en su navegador cuando visita casi cualquier p\u00e1gina web. La utilidad de la cookie es que la web sea capaz de recordar su visita cuando...","og_url":"https:\/\/proandre.com\/en\/mas-informacion-sobre-las-cookies\/","og_site_name":"Productos de Higiene y Ambientaci\u00f3n","twitter_card":"summary_large_image","twitter_misc":{"Estimated reading time":"5 minutes"},"schema":{"@context":"https:\/\/schema.org","@graph":[{"@type":"WebPage","@id":"https:\/\/proandre.com\/mas-informacion-sobre-las-cookies\/","url":"https:\/\/proandre.com\/mas-informacion-sobre-las-cookies\/","name":"M\u00e1s informaci\u00f3n sobre las cookies - Productos de Higiene y Ambientaci\u00f3n","isPartOf":{"@id":"https:\/\/proandre.com\/#website"},"datePublished":"2025-05-21T14:29:40+00:00","breadcrumb":{"@id":"https:\/\/proandre.com\/mas-informacion-sobre-las-cookies\/#breadcrumb"},"inLanguage":"en-GB","potentialAction":[{"@type":"ReadAction","target":["https:\/\/proandre.com\/mas-informacion-sobre-las-cookies\/"]}]},{"@type":"BreadcrumbList","@id":"https:\/\/proandre.com\/mas-informacion-sobre-las-cookies\/#breadcrumb","itemListElement":[{"@type":"ListItem","position":1,"name":"Portada","item":"https:\/\/proandre.com\/"},{"@type":"ListItem","position":2,"name":"M\u00e1s informaci\u00f3n sobre las cookies"}]},{"@type":"WebSite","@id":"https:\/\/proandre.com\/#website","url":"https:\/\/proandre.com\/","name":"Proandre","description":"Proandre es una empresa espa\u00f1ola con presencia internacional, dedicada a la fabricaci\u00f3n y comercializaci\u00f3n de productos de higiene y ambientaci\u00f3n, as\u00ed como complementos para las empresas de control de plagas","publisher":{"@id":"https:\/\/proandre.com\/#organization"},"potentialAction":[{"@type":"SearchAction","target":{"@type":"EntryPoint","urlTemplate":"https:\/\/proandre.com\/?s={search_term_string}"},"query-input":{"@type":"PropertyValueSpecification","valueRequired":true,"valueName":"search_term_string"}}],"inLanguage":"en-GB"},{"@type":"Organization","@id":"https:\/\/proandre.com\/#organization","name":"Proandre","url":"https:\/\/proandre.com\/","logo":{"@type":"ImageObject","inLanguage":"en-GB","@id":"https:\/\/proandre.com\/#\/schema\/logo\/image\/","url":"https:\/\/proandre.com\/wp-content\/uploads\/2025\/05\/logo-proandre.png","contentUrl":"https:\/\/proandre.com\/wp-content\/uploads\/2025\/05\/logo-proandre.png","width":640,"height":90,"caption":"Proandre"},"image":{"@id":"https:\/\/proandre.com\/#\/schema\/logo\/image\/"}}]}},"_links":{"self":[{"href":"https:\/\/proandre.com\/en\/wp-json\/wp\/v2\/pages\/17","targetHints":{"allow":["GET"]}}],"collection":[{"href":"https:\/\/proandre.com\/en\/wp-json\/wp\/v2\/pages"}],"about":[{"href":"https:\/\/proandre.com\/en\/wp-json\/wp\/v2\/types\/page"}],"author":[{"embeddable":true,"href":"https:\/\/proandre.com\/en\/wp-json\/wp\/v2\/users\/1"}],"replies":[{"embeddable":true,"href":"https:\/\/proandre.com\/en\/wp-json\/wp\/v2\/comments?post=17"}],"version-history":[{"count":0,"href":"https:\/\/proandre.com\/en\/wp-json\/wp\/v2\/pages\/17\/revisions"}],"wp:attachment":[{"href":"https:\/\/proandre.com\/en\/wp-json\/wp\/v2\/media?parent=17"}],"curies":[{"name":"wp","href":"https:\/\/api.w.org\/{rel}","templated":true}]}}