{"id":6205,"date":"2026-02-24T14:48:35","date_gmt":"2026-02-24T13:48:35","guid":{"rendered":"https:\/\/proandre.com\/?page_id=6205"},"modified":"2026-04-01T13:17:00","modified_gmt":"2026-04-01T11:17:00","slug":"catalogo-test-1","status":"publish","type":"page","link":"https:\/\/proandre.com\/en\/catalogo-test-1\/","title":{"rendered":"Catalogues"},"content":{"rendered":"<div data-elementor-type=\"wp-page\" data-elementor-id=\"6205\" class=\"elementor elementor-6205\" data-elementor-post-type=\"page\">\n\t\t\t\t<div class=\"elementor-element elementor-element-581ab3b e-grid e-con-boxed e-con e-parent\" data-id=\"581ab3b\" data-element_type=\"container\" data-e-type=\"container\">\n\t\t\t\t\t<div class=\"e-con-inner\">\n\t\t\t\t<div class=\"elementor-element elementor-element-882b19c elementor-widget elementor-widget-image\" data-id=\"882b19c\" data-element_type=\"widget\" data-e-type=\"widget\" data-widget_type=\"image.default\">\n\t\t\t\t<div class=\"elementor-widget-container\">\n\t\t\t\t\t\t\t\t\t\t\t\t\t\t\t<img fetchpriority=\"high\" decoding=\"async\" width=\"640\" height=\"640\" src=\"https:\/\/proandre.com\/wp-content\/uploads\/2026\/03\/PORTADA-IMAGEN-CATALOGO_EN-1024x1024.jpg\" class=\"attachment-large size-large wp-image-6234\" alt=\"PORTADA IMAGEN CAT\u00c1LOGO EN\" srcset=\"https:\/\/proandre.com\/wp-content\/uploads\/2026\/03\/PORTADA-IMAGEN-CATALOGO_EN-1024x1024.jpg 1024w, https:\/\/proandre.com\/wp-content\/uploads\/2026\/03\/PORTADA-IMAGEN-CATALOGO_EN-300x300.jpg 300w, https:\/\/proandre.com\/wp-content\/uploads\/2026\/03\/PORTADA-IMAGEN-CATALOGO_EN-150x150.jpg 150w, https:\/\/proandre.com\/wp-content\/uploads\/2026\/03\/PORTADA-IMAGEN-CATALOGO_EN-768x768.jpg 768w, https:\/\/proandre.com\/wp-content\/uploads\/2026\/03\/PORTADA-IMAGEN-CATALOGO_EN-1536x1536.jpg 1536w, https:\/\/proandre.com\/wp-content\/uploads\/2026\/03\/PORTADA-IMAGEN-CATALOGO_EN-2048x2048.jpg 2048w, https:\/\/proandre.com\/wp-content\/uploads\/2026\/03\/PORTADA-IMAGEN-CATALOGO_EN-12x12.jpg 12w, https:\/\/proandre.com\/wp-content\/uploads\/2026\/03\/PORTADA-IMAGEN-CATALOGO_EN-75x75.jpg 75w, https:\/\/proandre.com\/wp-content\/uploads\/2026\/03\/PORTADA-IMAGEN-CATALOGO_EN-460x460.jpg 460w, https:\/\/proandre.com\/wp-content\/uploads\/2026\/03\/PORTADA-IMAGEN-CATALOGO_EN-600x600.jpg 600w, https:\/\/proandre.com\/wp-content\/uploads\/2026\/03\/PORTADA-IMAGEN-CATALOGO_EN-100x100.jpg 100w\" sizes=\"(max-width: 640px) 100vw, 640px\" \/>\t\t\t\t\t\t\t\t\t\t\t\t\t\t\t<\/div>\n\t\t\t\t<\/div>\n\t\t\t\t<div class=\"elementor-element elementor-element-67f539a elementor-widget elementor-widget-image\" data-id=\"67f539a\" data-element_type=\"widget\" data-e-type=\"widget\" data-widget_type=\"image.default\">\n\t\t\t\t<div class=\"elementor-widget-container\">\n\t\t\t\t\t\t\t\t\t\t\t\t\t\t\t<img decoding=\"async\" width=\"640\" height=\"640\" src=\"https:\/\/proandre.com\/wp-content\/uploads\/2026\/03\/Portada-Catalogo-digital_ES_proximamente-1024x1024.jpg\" class=\"attachment-large size-large wp-image-6232\" alt=\"Portada Cat\u00e1logo digital ES proximamente\" srcset=\"https:\/\/proandre.com\/wp-content\/uploads\/2026\/03\/Portada-Catalogo-digital_ES_proximamente-1024x1024.jpg 1024w, https:\/\/proandre.com\/wp-content\/uploads\/2026\/03\/Portada-Catalogo-digital_ES_proximamente-300x300.jpg 300w, https:\/\/proandre.com\/wp-content\/uploads\/2026\/03\/Portada-Catalogo-digital_ES_proximamente-150x150.jpg 150w, https:\/\/proandre.com\/wp-content\/uploads\/2026\/03\/Portada-Catalogo-digital_ES_proximamente-768x768.jpg 768w, https:\/\/proandre.com\/wp-content\/uploads\/2026\/03\/Portada-Catalogo-digital_ES_proximamente-1536x1536.jpg 1536w, https:\/\/proandre.com\/wp-content\/uploads\/2026\/03\/Portada-Catalogo-digital_ES_proximamente-2048x2048.jpg 2048w, https:\/\/proandre.com\/wp-content\/uploads\/2026\/03\/Portada-Catalogo-digital_ES_proximamente-12x12.jpg 12w, https:\/\/proandre.com\/wp-content\/uploads\/2026\/03\/Portada-Catalogo-digital_ES_proximamente-75x75.jpg 75w, https:\/\/proandre.com\/wp-content\/uploads\/2026\/03\/Portada-Catalogo-digital_ES_proximamente-460x460.jpg 460w, https:\/\/proandre.com\/wp-content\/uploads\/2026\/03\/Portada-Catalogo-digital_ES_proximamente-600x600.jpg 600w, https:\/\/proandre.com\/wp-content\/uploads\/2026\/03\/Portada-Catalogo-digital_ES_proximamente-100x100.jpg 100w\" sizes=\"(max-width: 640px) 100vw, 640px\" \/>\t\t\t\t\t\t\t\t\t\t\t\t\t\t\t<\/div>\n\t\t\t\t<\/div>\n\t\t\t\t<div class=\"elementor-element elementor-element-96b7117 elementor-widget elementor-widget-text-editor\" data-id=\"96b7117\" data-element_type=\"widget\" data-e-type=\"widget\" data-widget_type=\"text-editor.default\">\n\t\t\t\t<div class=\"elementor-widget-container\">\n\t\t\t\t\t\t\t\t\t<h6 style=\"text-align: center;\"><strong>Products Catalogue  \ud83c\uddec\ud83c\udde7<\/strong><\/h6>\t\t\t\t\t\t\t\t<\/div>\n\t\t\t\t<\/div>\n\t\t\t\t<div class=\"elementor-element elementor-element-adf052e elementor-widget elementor-widget-text-editor\" data-id=\"adf052e\" data-element_type=\"widget\" data-e-type=\"widget\" data-widget_type=\"text-editor.default\">\n\t\t\t\t<div class=\"elementor-widget-container\">\n\t\t\t\t\t\t\t\t\t<h6 style=\"text-align: center;\"><strong>Cat\u00e1logo de productos \ud83c\uddea\ud83c\uddf8<\/strong><\/h6>\t\t\t\t\t\t\t\t<\/div>\n\t\t\t\t<\/div>\n\t\t\t\t\t<\/div>\n\t\t\t\t<\/div>\n\t\t<div class=\"elementor-element elementor-element-1dc18ae e-grid e-con-boxed e-con e-parent\" data-id=\"1dc18ae\" data-element_type=\"container\" data-e-type=\"container\">\n\t\t\t\t\t<div class=\"e-con-inner\">\n\t\t\t\t<div class=\"elementor-element elementor-element-52865dc elementor-widget elementor-widget-pix-button\" data-id=\"52865dc\" data-element_type=\"widget\" data-e-type=\"widget\" data-widget_type=\"pix-button.default\">\n\t\t\t\t<div class=\"elementor-widget-container\">\n\t\t\t\t\t<div class=\"d-block w-100 text-center\"><a  href=\"https:\/\/publuu.com\/flip-book\/1074167\/2392529\/page\/1?cover\" class=\"btn m-0      text-body-default btn-outline-gray-2 d-flex w-100  justify-content-center  align-items-center pix-hover-item       pix-btn-div btn-md\" target=\"_blank\" rel=\"noopener\"    ><svg class=\"pixfort-icon font-weight-bold  pix-hover-left  mr-2\" width=\"24\" height=\"24\"  data-name=\"Line\/pixfort-icon-file-download-1\" viewbox=\"2 2 20 20\"><path fill=\"none\" stroke=\"var(--pf-icon-color)\" stroke-linecap=\"round\" stroke-linejoin=\"round\" stroke-width=\"var(--pf-icon-stroke-width)\" d=\"M7,3 L12.8727869,3 L12.8727869,3 C14.9175556,4.48800639 17.4920457,6.76866015 19,8.65347855 L19,19 C19,20.1045695 18.1045695,21 17,21 L7,21 C5.8954305,21 5,20.1045695 5,19 L5,5 C5,3.8954305 5.8954305,3 7,3 Z M12.6586405,3 L12.5665066,6.3715119 C12.5226946,7.9747483 13.7868579,9.30994479 15.3900943,9.35375673 C15.5249374,9.35744162 15.6598734,9.35172666 15.793922,9.33665338 L19,8.97614154 L19,8.97614154 M12,11 L12,16 M9,14 L12,17 L15,14\"\/><\/svg><span class=\"font-weight-bold\" >View Catalogue<\/span><\/a><\/div>\t\t\t\t<\/div>\n\t\t\t\t<\/div>\n\t\t\t\t<div class=\"elementor-element elementor-element-97779f6 elementor-widget elementor-widget-pix-button\" data-id=\"97779f6\" data-element_type=\"widget\" data-e-type=\"widget\" data-widget_type=\"pix-button.default\">\n\t\t\t\t<div class=\"elementor-widget-container\">\n\t\t\t\t\t<div class=\"d-block w-100 text-center\"><a  href=\"#\" class=\"btn m-0      text-body-default btn-outline-gray-2 d-flex w-100  justify-content-center  align-items-center pix-hover-item       pix-btn-div btn-md\"     ><svg class=\"pixfort-icon font-weight-bold  pix-hover-left  mr-2\" width=\"24\" height=\"24\"  data-name=\"Line\/pixfort-icon-file-download-1\" viewbox=\"2 2 20 20\"><path fill=\"none\" stroke=\"var(--pf-icon-color)\" stroke-linecap=\"round\" stroke-linejoin=\"round\" stroke-width=\"var(--pf-icon-stroke-width)\" d=\"M7,3 L12.8727869,3 L12.8727869,3 C14.9175556,4.48800639 17.4920457,6.76866015 19,8.65347855 L19,19 C19,20.1045695 18.1045695,21 17,21 L7,21 C5.8954305,21 5,20.1045695 5,19 L5,5 C5,3.8954305 5.8954305,3 7,3 Z M12.6586405,3 L12.5665066,6.3715119 C12.5226946,7.9747483 13.7868579,9.30994479 15.3900943,9.35375673 C15.5249374,9.35744162 15.6598734,9.35172666 15.793922,9.33665338 L19,8.97614154 L19,8.97614154 M12,11 L12,16 M9,14 L12,17 L15,14\"\/><\/svg><span class=\"font-weight-bold\" >View Catalogue<\/span><\/a><\/div>\t\t\t\t<\/div>\n\t\t\t\t<\/div>\n\t\t\t\t\t<\/div>\n\t\t\t\t<\/div>\n\t\t\t\t<\/div>","protected":false},"excerpt":{"rendered":"<p>Products Catalogue \ud83c\uddec\ud83c\udde7 Cat\u00e1logo de productos \ud83c\uddea\ud83c\uddf8 Ver Cat\u00e1logo Ver Cat\u00e1logo<\/p>","protected":false},"author":1,"featured_media":0,"parent":0,"menu_order":0,"comment_status":"closed","ping_status":"closed","template":"","meta":{"footnotes":""},"class_list":["post-6205","page","type-page","status-publish","hentry"],"yoast_head":"<!-- This site is optimized with the Yoast SEO plugin v27.4 - https:\/\/yoast.com\/product\/yoast-seo-wordpress\/ -->\n<title>Cat\u00e1logos - Productos de Higiene y Ambientaci\u00f3n<\/title>\n<meta name=\"robots\" content=\"index, follow, max-snippet:-1, max-image-preview:large, max-video-preview:-1\" \/>\n<link rel=\"canonical\" href=\"https:\/\/proandre.com\/en\/catalogo-test-1\/\" \/>\n<meta property=\"og:locale\" content=\"en_GB\" \/>\n<meta property=\"og:type\" content=\"article\" \/>\n<meta property=\"og:title\" content=\"Cat\u00e1logos - Productos de Higiene y Ambientaci\u00f3n\" \/>\n<meta property=\"og:description\" content=\"Products Catalogue \ud83c\uddec\ud83c\udde7 Cat\u00e1logo de productos \ud83c\uddea\ud83c\uddf8 Ver Cat\u00e1logo Ver Cat\u00e1logo\" \/>\n<meta property=\"og:url\" content=\"https:\/\/proandre.com\/en\/catalogo-test-1\/\" \/>\n<meta property=\"og:site_name\" content=\"Productos de Higiene y Ambientaci\u00f3n\" \/>\n<meta property=\"article:modified_time\" content=\"2026-04-01T11:17:00+00:00\" \/>\n<meta property=\"og:image\" content=\"https:\/\/proandre.com\/wp-content\/uploads\/2026\/03\/PORTADA-IMAGEN-CATALOGO_EN-1024x1024.jpg\" \/>\n\t<meta property=\"og:image:width\" content=\"1024\" \/>\n\t<meta property=\"og:image:height\" content=\"1024\" \/>\n\t<meta property=\"og:image:type\" content=\"image\/jpeg\" \/>\n<meta name=\"twitter:card\" content=\"summary_large_image\" \/>\n<meta name=\"twitter:label1\" content=\"Estimated reading time\" \/>\n\t<meta name=\"twitter:data1\" content=\"1 minute\" \/>\n<script type=\"application\/ld+json\" class=\"yoast-schema-graph\">{\"@context\":\"https:\\\/\\\/schema.org\",\"@graph\":[{\"@type\":\"WebPage\",\"@id\":\"https:\\\/\\\/proandre.com\\\/catalogo-test-1\\\/\",\"url\":\"https:\\\/\\\/proandre.com\\\/catalogo-test-1\\\/\",\"name\":\"Cat\u00e1logos - Productos de Higiene y Ambientaci\u00f3n\",\"isPartOf\":{\"@id\":\"https:\\\/\\\/proandre.com\\\/#website\"},\"primaryImageOfPage\":{\"@id\":\"https:\\\/\\\/proandre.com\\\/catalogo-test-1\\\/#primaryimage\"},\"image\":{\"@id\":\"https:\\\/\\\/proandre.com\\\/catalogo-test-1\\\/#primaryimage\"},\"thumbnailUrl\":\"https:\\\/\\\/proandre.com\\\/wp-content\\\/uploads\\\/2026\\\/03\\\/PORTADA-IMAGEN-CATALOGO_EN-1024x1024.jpg\",\"datePublished\":\"2026-02-24T13:48:35+00:00\",\"dateModified\":\"2026-04-01T11:17:00+00:00\",\"breadcrumb\":{\"@id\":\"https:\\\/\\\/proandre.com\\\/catalogo-test-1\\\/#breadcrumb\"},\"inLanguage\":\"en-GB\",\"potentialAction\":[{\"@type\":\"ReadAction\",\"target\":[\"https:\\\/\\\/proandre.com\\\/catalogo-test-1\\\/\"]}]},{\"@type\":\"ImageObject\",\"inLanguage\":\"en-GB\",\"@id\":\"https:\\\/\\\/proandre.com\\\/catalogo-test-1\\\/#primaryimage\",\"url\":\"https:\\\/\\\/proandre.com\\\/wp-content\\\/uploads\\\/2026\\\/03\\\/PORTADA-IMAGEN-CATALOGO_EN-1024x1024.jpg\",\"contentUrl\":\"https:\\\/\\\/proandre.com\\\/wp-content\\\/uploads\\\/2026\\\/03\\\/PORTADA-IMAGEN-CATALOGO_EN-1024x1024.jpg\"},{\"@type\":\"BreadcrumbList\",\"@id\":\"https:\\\/\\\/proandre.com\\\/catalogo-test-1\\\/#breadcrumb\",\"itemListElement\":[{\"@type\":\"ListItem\",\"position\":1,\"name\":\"Portada\",\"item\":\"https:\\\/\\\/proandre.com\\\/\"},{\"@type\":\"ListItem\",\"position\":2,\"name\":\"Cat\u00e1logos\"}]},{\"@type\":\"WebSite\",\"@id\":\"https:\\\/\\\/proandre.com\\\/#website\",\"url\":\"https:\\\/\\\/proandre.com\\\/\",\"name\":\"Proandre\",\"description\":\"Proandre es una empresa espa\u00f1ola con presencia internacional, dedicada a la fabricaci\u00f3n y comercializaci\u00f3n de productos de higiene y ambientaci\u00f3n, as\u00ed como complementos para las empresas de control de plagas\",\"publisher\":{\"@id\":\"https:\\\/\\\/proandre.com\\\/#organization\"},\"potentialAction\":[{\"@type\":\"SearchAction\",\"target\":{\"@type\":\"EntryPoint\",\"urlTemplate\":\"https:\\\/\\\/proandre.com\\\/?s={search_term_string}\"},\"query-input\":{\"@type\":\"PropertyValueSpecification\",\"valueRequired\":true,\"valueName\":\"search_term_string\"}}],\"inLanguage\":\"en-GB\"},{\"@type\":\"Organization\",\"@id\":\"https:\\\/\\\/proandre.com\\\/#organization\",\"name\":\"Proandre\",\"url\":\"https:\\\/\\\/proandre.com\\\/\",\"logo\":{\"@type\":\"ImageObject\",\"inLanguage\":\"en-GB\",\"@id\":\"https:\\\/\\\/proandre.com\\\/#\\\/schema\\\/logo\\\/image\\\/\",\"url\":\"https:\\\/\\\/proandre.com\\\/wp-content\\\/uploads\\\/2025\\\/05\\\/logo-proandre.png\",\"contentUrl\":\"https:\\\/\\\/proandre.com\\\/wp-content\\\/uploads\\\/2025\\\/05\\\/logo-proandre.png\",\"width\":640,\"height\":90,\"caption\":\"Proandre\"},\"image\":{\"@id\":\"https:\\\/\\\/proandre.com\\\/#\\\/schema\\\/logo\\\/image\\\/\"}}]}<\/script>\n<!-- \/ Yoast SEO plugin. -->","yoast_head_json":{"title":"Cat\u00e1logos - Productos de Higiene y Ambientaci\u00f3n","robots":{"index":"index","follow":"follow","max-snippet":"max-snippet:-1","max-image-preview":"max-image-preview:large","max-video-preview":"max-video-preview:-1"},"canonical":"https:\/\/proandre.com\/en\/catalogo-test-1\/","og_locale":"en_GB","og_type":"article","og_title":"Cat\u00e1logos - Productos de Higiene y Ambientaci\u00f3n","og_description":"Products Catalogue \ud83c\uddec\ud83c\udde7 Cat\u00e1logo de productos \ud83c\uddea\ud83c\uddf8 Ver Cat\u00e1logo Ver Cat\u00e1logo","og_url":"https:\/\/proandre.com\/en\/catalogo-test-1\/","og_site_name":"Productos de Higiene y Ambientaci\u00f3n","article_modified_time":"2026-04-01T11:17:00+00:00","og_image":[{"width":1024,"height":1024,"url":"https:\/\/proandre.com\/wp-content\/uploads\/2026\/03\/PORTADA-IMAGEN-CATALOGO_EN-1024x1024.jpg","type":"image\/jpeg"}],"twitter_card":"summary_large_image","twitter_misc":{"Estimated reading time":"1 minute"},"schema":{"@context":"https:\/\/schema.org","@graph":[{"@type":"WebPage","@id":"https:\/\/proandre.com\/catalogo-test-1\/","url":"https:\/\/proandre.com\/catalogo-test-1\/","name":"Cat\u00e1logos - Productos de Higiene y Ambientaci\u00f3n","isPartOf":{"@id":"https:\/\/proandre.com\/#website"},"primaryImageOfPage":{"@id":"https:\/\/proandre.com\/catalogo-test-1\/#primaryimage"},"image":{"@id":"https:\/\/proandre.com\/catalogo-test-1\/#primaryimage"},"thumbnailUrl":"https:\/\/proandre.com\/wp-content\/uploads\/2026\/03\/PORTADA-IMAGEN-CATALOGO_EN-1024x1024.jpg","datePublished":"2026-02-24T13:48:35+00:00","dateModified":"2026-04-01T11:17:00+00:00","breadcrumb":{"@id":"https:\/\/proandre.com\/catalogo-test-1\/#breadcrumb"},"inLanguage":"en-GB","potentialAction":[{"@type":"ReadAction","target":["https:\/\/proandre.com\/catalogo-test-1\/"]}]},{"@type":"ImageObject","inLanguage":"en-GB","@id":"https:\/\/proandre.com\/catalogo-test-1\/#primaryimage","url":"https:\/\/proandre.com\/wp-content\/uploads\/2026\/03\/PORTADA-IMAGEN-CATALOGO_EN-1024x1024.jpg","contentUrl":"https:\/\/proandre.com\/wp-content\/uploads\/2026\/03\/PORTADA-IMAGEN-CATALOGO_EN-1024x1024.jpg"},{"@type":"BreadcrumbList","@id":"https:\/\/proandre.com\/catalogo-test-1\/#breadcrumb","itemListElement":[{"@type":"ListItem","position":1,"name":"Portada","item":"https:\/\/proandre.com\/"},{"@type":"ListItem","position":2,"name":"Cat\u00e1logos"}]},{"@type":"WebSite","@id":"https:\/\/proandre.com\/#website","url":"https:\/\/proandre.com\/","name":"Proandre","description":"Proandre es una empresa espa\u00f1ola con presencia internacional, dedicada a la fabricaci\u00f3n y comercializaci\u00f3n de productos de higiene y ambientaci\u00f3n, as\u00ed como complementos para las empresas de control de plagas","publisher":{"@id":"https:\/\/proandre.com\/#organization"},"potentialAction":[{"@type":"SearchAction","target":{"@type":"EntryPoint","urlTemplate":"https:\/\/proandre.com\/?s={search_term_string}"},"query-input":{"@type":"PropertyValueSpecification","valueRequired":true,"valueName":"search_term_string"}}],"inLanguage":"en-GB"},{"@type":"Organization","@id":"https:\/\/proandre.com\/#organization","name":"Proandre","url":"https:\/\/proandre.com\/","logo":{"@type":"ImageObject","inLanguage":"en-GB","@id":"https:\/\/proandre.com\/#\/schema\/logo\/image\/","url":"https:\/\/proandre.com\/wp-content\/uploads\/2025\/05\/logo-proandre.png","contentUrl":"https:\/\/proandre.com\/wp-content\/uploads\/2025\/05\/logo-proandre.png","width":640,"height":90,"caption":"Proandre"},"image":{"@id":"https:\/\/proandre.com\/#\/schema\/logo\/image\/"}}]}},"_links":{"self":[{"href":"https:\/\/proandre.com\/en\/wp-json\/wp\/v2\/pages\/6205","targetHints":{"allow":["GET"]}}],"collection":[{"href":"https:\/\/proandre.com\/en\/wp-json\/wp\/v2\/pages"}],"about":[{"href":"https:\/\/proandre.com\/en\/wp-json\/wp\/v2\/types\/page"}],"author":[{"embeddable":true,"href":"https:\/\/proandre.com\/en\/wp-json\/wp\/v2\/users\/1"}],"replies":[{"embeddable":true,"href":"https:\/\/proandre.com\/en\/wp-json\/wp\/v2\/comments?post=6205"}],"version-history":[{"count":64,"href":"https:\/\/proandre.com\/en\/wp-json\/wp\/v2\/pages\/6205\/revisions"}],"predecessor-version":[{"id":6305,"href":"https:\/\/proandre.com\/en\/wp-json\/wp\/v2\/pages\/6205\/revisions\/6305"}],"wp:attachment":[{"href":"https:\/\/proandre.com\/en\/wp-json\/wp\/v2\/media?parent=6205"}],"curies":[{"name":"wp","href":"https:\/\/api.w.org\/{rel}","templated":true}]}}