{"id":5120,"date":"2025-06-18T12:15:08","date_gmt":"2025-06-18T10:15:08","guid":{"rendered":"http:\/\/proandre.com\/?post_type=product&#038;p=5120"},"modified":"2026-05-12T11:30:14","modified_gmt":"2026-05-12T09:30:14","slug":"bacteriostatico-proanplus","status":"publish","type":"product","link":"https:\/\/proandre.com\/en\/product\/bacteriostatico-proanplus\/","title":{"rendered":"Autosanitizer Proanplus"},"content":{"rendered":"<p>Proanplus Autosanitizer ensures that toilets and urinals remain hygienic and odour-free. It works by inhibiting the growth of bacteria and preventing clogged pipes while releasing a pleasant fragrance.<\/p>\n<p>Battery-operated, it is installed on the wall and connected to the toilet cistern by means of a tube protected by a gutter. Its operation does not depend on the number of times the cistern is flushed, but on the desired programming. It can be programmed for 30 or 60 days by means of a switch located on the equipment to control the duration of the load with the product located inside.<\/p>\n<p>Available in different scents and in odourless biological formulations. The latter act directly on the cleaning and hygiene of toilets and pipes in a specific way.<\/p>\n<p>ProanLip: Specific cleaning for grease.<br \/>\nProanGreen: Cleaning of all types of organic waste.<\/p>","protected":false},"excerpt":{"rendered":"<p>Inhibits bacterial growth and prevents clogging of pipes leaving a pleasant aroma<\/p>\n<p><a class=\"enlace-ficha-tecnica\" href=\"https:\/\/proandre.com\/wp-content\/uploads\/2025\/06\/Data-Sheet-Autosanitizer-Proanplus-BC2-EN.pdf\" target=\"_blank\" rel=\"noopener\"><strong>Technical specifications<\/strong><\/a><\/p>","protected":false},"featured_media":5204,"template":"","meta":[],"product_brand":[],"product_cat":[32],"product_tag":[],"class_list":{"0":"post-5120","1":"product","2":"type-product","3":"status-publish","4":"has-post-thumbnail","6":"product_cat-equipamiento-banos","8":"first","9":"instock","10":"shipping-taxable","11":"product-type-simple"},"yoast_head":"<!-- This site is optimized with the Yoast SEO plugin v27.6 - https:\/\/yoast.com\/product\/yoast-seo-wordpress\/ -->\n<title>Bacteriost\u00e1tico Proanplus - Productos de Higiene y Ambientaci\u00f3n<\/title>\n<meta name=\"robots\" content=\"index, follow, max-snippet:-1, max-image-preview:large, max-video-preview:-1\" \/>\n<link rel=\"canonical\" href=\"https:\/\/proandre.com\/en\/product\/bacteriostatico-proanplus\/\" \/>\n<meta property=\"og:locale\" content=\"en_GB\" \/>\n<meta property=\"og:type\" content=\"article\" \/>\n<meta property=\"og:title\" content=\"Bacteriost\u00e1tico Proanplus - Productos de Higiene y Ambientaci\u00f3n\" \/>\n<meta property=\"og:description\" content=\"Inhibe la proliferaci\u00f3n de bacterias e impide la obstrucci\u00f3n de ca\u00f1er\u00edas dejando un agradable aroma  Ficha T\u00e9cnica\" \/>\n<meta property=\"og:url\" content=\"https:\/\/proandre.com\/en\/product\/bacteriostatico-proanplus\/\" \/>\n<meta property=\"og:site_name\" content=\"Productos de Higiene y Ambientaci\u00f3n\" \/>\n<meta property=\"article:modified_time\" content=\"2026-05-12T09:30:14+00:00\" \/>\n<meta property=\"og:image\" content=\"https:\/\/proandre.com\/wp-content\/uploads\/2025\/06\/Bacteriostatico-Proanplus-7-scaled.jpg\" \/>\n\t<meta property=\"og:image:width\" content=\"2560\" \/>\n\t<meta property=\"og:image:height\" content=\"2499\" \/>\n\t<meta property=\"og:image:type\" content=\"image\/jpeg\" \/>\n<meta name=\"twitter:card\" content=\"summary_large_image\" \/>\n<meta name=\"twitter:label1\" content=\"Estimated reading time\" \/>\n\t<meta name=\"twitter:data1\" content=\"1 minute\" \/>\n<script type=\"application\/ld+json\" class=\"yoast-schema-graph\">{\"@context\":\"https:\\\/\\\/schema.org\",\"@graph\":[{\"@type\":\"WebPage\",\"@id\":\"https:\\\/\\\/proandre.com\\\/producto\\\/bacteriostatico-proanplus\\\/\",\"url\":\"https:\\\/\\\/proandre.com\\\/producto\\\/bacteriostatico-proanplus\\\/\",\"name\":\"Bacteriost\u00e1tico Proanplus - Productos de Higiene y Ambientaci\u00f3n\",\"isPartOf\":{\"@id\":\"https:\\\/\\\/proandre.com\\\/#website\"},\"primaryImageOfPage\":{\"@id\":\"https:\\\/\\\/proandre.com\\\/producto\\\/bacteriostatico-proanplus\\\/#primaryimage\"},\"image\":{\"@id\":\"https:\\\/\\\/proandre.com\\\/producto\\\/bacteriostatico-proanplus\\\/#primaryimage\"},\"thumbnailUrl\":\"https:\\\/\\\/proandre.com\\\/wp-content\\\/uploads\\\/2025\\\/06\\\/Bacteriostatico-Proanplus-7-scaled.jpg\",\"datePublished\":\"2025-06-18T10:15:08+00:00\",\"dateModified\":\"2026-05-12T09:30:14+00:00\",\"breadcrumb\":{\"@id\":\"https:\\\/\\\/proandre.com\\\/producto\\\/bacteriostatico-proanplus\\\/#breadcrumb\"},\"inLanguage\":\"en-GB\",\"potentialAction\":[{\"@type\":\"ReadAction\",\"target\":[\"https:\\\/\\\/proandre.com\\\/producto\\\/bacteriostatico-proanplus\\\/\"]}]},{\"@type\":\"ImageObject\",\"inLanguage\":\"en-GB\",\"@id\":\"https:\\\/\\\/proandre.com\\\/producto\\\/bacteriostatico-proanplus\\\/#primaryimage\",\"url\":\"https:\\\/\\\/proandre.com\\\/wp-content\\\/uploads\\\/2025\\\/06\\\/Bacteriostatico-Proanplus-7-scaled.jpg\",\"contentUrl\":\"https:\\\/\\\/proandre.com\\\/wp-content\\\/uploads\\\/2025\\\/06\\\/Bacteriostatico-Proanplus-7-scaled.jpg\",\"width\":2560,\"height\":2499,\"caption\":\"Bacteriostatico Proanplus 7 scaled\"},{\"@type\":\"BreadcrumbList\",\"@id\":\"https:\\\/\\\/proandre.com\\\/producto\\\/bacteriostatico-proanplus\\\/#breadcrumb\",\"itemListElement\":[{\"@type\":\"ListItem\",\"position\":1,\"name\":\"Portada\",\"item\":\"https:\\\/\\\/proandre.com\\\/\"},{\"@type\":\"ListItem\",\"position\":2,\"name\":\"Cat\u00e1logo\",\"item\":\"https:\\\/\\\/proandre.com\\\/catalogo\\\/\"},{\"@type\":\"ListItem\",\"position\":3,\"name\":\"Bacteriost\u00e1tico Proanplus\"}]},{\"@type\":\"WebSite\",\"@id\":\"https:\\\/\\\/proandre.com\\\/#website\",\"url\":\"https:\\\/\\\/proandre.com\\\/\",\"name\":\"Proandre\",\"description\":\"Proandre es una empresa espa\u00f1ola con presencia internacional, dedicada a la fabricaci\u00f3n y comercializaci\u00f3n de productos de higiene y ambientaci\u00f3n, as\u00ed como complementos para las empresas de control de plagas\",\"publisher\":{\"@id\":\"https:\\\/\\\/proandre.com\\\/#organization\"},\"potentialAction\":[{\"@type\":\"SearchAction\",\"target\":{\"@type\":\"EntryPoint\",\"urlTemplate\":\"https:\\\/\\\/proandre.com\\\/?s={search_term_string}\"},\"query-input\":{\"@type\":\"PropertyValueSpecification\",\"valueRequired\":true,\"valueName\":\"search_term_string\"}}],\"inLanguage\":\"en-GB\"},{\"@type\":\"Organization\",\"@id\":\"https:\\\/\\\/proandre.com\\\/#organization\",\"name\":\"Proandre\",\"url\":\"https:\\\/\\\/proandre.com\\\/\",\"logo\":{\"@type\":\"ImageObject\",\"inLanguage\":\"en-GB\",\"@id\":\"https:\\\/\\\/proandre.com\\\/#\\\/schema\\\/logo\\\/image\\\/\",\"url\":\"https:\\\/\\\/proandre.com\\\/wp-content\\\/uploads\\\/2025\\\/05\\\/logo-proandre.png\",\"contentUrl\":\"https:\\\/\\\/proandre.com\\\/wp-content\\\/uploads\\\/2025\\\/05\\\/logo-proandre.png\",\"width\":640,\"height\":90,\"caption\":\"Proandre\"},\"image\":{\"@id\":\"https:\\\/\\\/proandre.com\\\/#\\\/schema\\\/logo\\\/image\\\/\"}}]}<\/script>\n<!-- \/ Yoast SEO plugin. -->","yoast_head_json":{"title":"Bacteriost\u00e1tico Proanplus - Productos de Higiene y Ambientaci\u00f3n","robots":{"index":"index","follow":"follow","max-snippet":"max-snippet:-1","max-image-preview":"max-image-preview:large","max-video-preview":"max-video-preview:-1"},"canonical":"https:\/\/proandre.com\/en\/product\/bacteriostatico-proanplus\/","og_locale":"en_GB","og_type":"article","og_title":"Bacteriost\u00e1tico Proanplus - Productos de Higiene y Ambientaci\u00f3n","og_description":"Inhibe la proliferaci\u00f3n de bacterias e impide la obstrucci\u00f3n de ca\u00f1er\u00edas dejando un agradable aroma  Ficha T\u00e9cnica","og_url":"https:\/\/proandre.com\/en\/product\/bacteriostatico-proanplus\/","og_site_name":"Productos de Higiene y Ambientaci\u00f3n","article_modified_time":"2026-05-12T09:30:14+00:00","og_image":[{"width":2560,"height":2499,"url":"https:\/\/proandre.com\/wp-content\/uploads\/2025\/06\/Bacteriostatico-Proanplus-7-scaled.jpg","type":"image\/jpeg"}],"twitter_card":"summary_large_image","twitter_misc":{"Estimated reading time":"1 minute"},"schema":{"@context":"https:\/\/schema.org","@graph":[{"@type":"WebPage","@id":"https:\/\/proandre.com\/producto\/bacteriostatico-proanplus\/","url":"https:\/\/proandre.com\/producto\/bacteriostatico-proanplus\/","name":"Bacteriost\u00e1tico Proanplus - Productos de Higiene y Ambientaci\u00f3n","isPartOf":{"@id":"https:\/\/proandre.com\/#website"},"primaryImageOfPage":{"@id":"https:\/\/proandre.com\/producto\/bacteriostatico-proanplus\/#primaryimage"},"image":{"@id":"https:\/\/proandre.com\/producto\/bacteriostatico-proanplus\/#primaryimage"},"thumbnailUrl":"https:\/\/proandre.com\/wp-content\/uploads\/2025\/06\/Bacteriostatico-Proanplus-7-scaled.jpg","datePublished":"2025-06-18T10:15:08+00:00","dateModified":"2026-05-12T09:30:14+00:00","breadcrumb":{"@id":"https:\/\/proandre.com\/producto\/bacteriostatico-proanplus\/#breadcrumb"},"inLanguage":"en-GB","potentialAction":[{"@type":"ReadAction","target":["https:\/\/proandre.com\/producto\/bacteriostatico-proanplus\/"]}]},{"@type":"ImageObject","inLanguage":"en-GB","@id":"https:\/\/proandre.com\/producto\/bacteriostatico-proanplus\/#primaryimage","url":"https:\/\/proandre.com\/wp-content\/uploads\/2025\/06\/Bacteriostatico-Proanplus-7-scaled.jpg","contentUrl":"https:\/\/proandre.com\/wp-content\/uploads\/2025\/06\/Bacteriostatico-Proanplus-7-scaled.jpg","width":2560,"height":2499,"caption":"Bacteriostatico Proanplus 7 scaled"},{"@type":"BreadcrumbList","@id":"https:\/\/proandre.com\/producto\/bacteriostatico-proanplus\/#breadcrumb","itemListElement":[{"@type":"ListItem","position":1,"name":"Portada","item":"https:\/\/proandre.com\/"},{"@type":"ListItem","position":2,"name":"Cat\u00e1logo","item":"https:\/\/proandre.com\/catalogo\/"},{"@type":"ListItem","position":3,"name":"Bacteriost\u00e1tico Proanplus"}]},{"@type":"WebSite","@id":"https:\/\/proandre.com\/#website","url":"https:\/\/proandre.com\/","name":"Proandre","description":"Proandre es una empresa espa\u00f1ola con presencia internacional, dedicada a la fabricaci\u00f3n y comercializaci\u00f3n de productos de higiene y ambientaci\u00f3n, as\u00ed como complementos para las empresas de control de plagas","publisher":{"@id":"https:\/\/proandre.com\/#organization"},"potentialAction":[{"@type":"SearchAction","target":{"@type":"EntryPoint","urlTemplate":"https:\/\/proandre.com\/?s={search_term_string}"},"query-input":{"@type":"PropertyValueSpecification","valueRequired":true,"valueName":"search_term_string"}}],"inLanguage":"en-GB"},{"@type":"Organization","@id":"https:\/\/proandre.com\/#organization","name":"Proandre","url":"https:\/\/proandre.com\/","logo":{"@type":"ImageObject","inLanguage":"en-GB","@id":"https:\/\/proandre.com\/#\/schema\/logo\/image\/","url":"https:\/\/proandre.com\/wp-content\/uploads\/2025\/05\/logo-proandre.png","contentUrl":"https:\/\/proandre.com\/wp-content\/uploads\/2025\/05\/logo-proandre.png","width":640,"height":90,"caption":"Proandre"},"image":{"@id":"https:\/\/proandre.com\/#\/schema\/logo\/image\/"}}]}},"_links":{"self":[{"href":"https:\/\/proandre.com\/en\/wp-json\/wp\/v2\/product\/5120","targetHints":{"allow":["GET"]}}],"collection":[{"href":"https:\/\/proandre.com\/en\/wp-json\/wp\/v2\/product"}],"about":[{"href":"https:\/\/proandre.com\/en\/wp-json\/wp\/v2\/types\/product"}],"version-history":[{"count":2,"href":"https:\/\/proandre.com\/en\/wp-json\/wp\/v2\/product\/5120\/revisions"}],"predecessor-version":[{"id":5201,"href":"https:\/\/proandre.com\/en\/wp-json\/wp\/v2\/product\/5120\/revisions\/5201"}],"wp:featuredmedia":[{"embeddable":true,"href":"https:\/\/proandre.com\/en\/wp-json\/wp\/v2\/media\/5204"}],"wp:attachment":[{"href":"https:\/\/proandre.com\/en\/wp-json\/wp\/v2\/media?parent=5120"}],"wp:term":[{"taxonomy":"product_brand","embeddable":true,"href":"https:\/\/proandre.com\/en\/wp-json\/wp\/v2\/product_brand?post=5120"},{"taxonomy":"product_cat","embeddable":true,"href":"https:\/\/proandre.com\/en\/wp-json\/wp\/v2\/product_cat?post=5120"},{"taxonomy":"product_tag","embeddable":true,"href":"https:\/\/proandre.com\/en\/wp-json\/wp\/v2\/product_tag?post=5120"}],"curies":[{"name":"wp","href":"https:\/\/api.w.org\/{rel}","templated":true}]}}