{"id":5123,"date":"2025-06-18T12:20:45","date_gmt":"2025-06-18T10:20:45","guid":{"rendered":"http:\/\/proandre.com\/?post_type=product&#038;p=5123"},"modified":"2026-04-09T12:11:58","modified_gmt":"2026-04-09T10:11:58","slug":"jabonera-automatica","status":"publish","type":"product","link":"https:\/\/proandre.com\/en\/product\/jabonera-automatica\/","title":{"rendered":"Automatic Soap Dispenser"},"content":{"rendered":"<p>Automatic soap dispenser equipped with translucent window to ensure correct control of product consumption and reinforced with integrated closure. Equipped with an anti-drip valve that prevents product waste. Model suitable for public areas.<\/p>\n<p>It is marketed with the option of dispensing hand soap or hydroalcoholic gel in a pouch. Thanks to its infrared sensor, this dispenser avoids direct contact with hands and the risk of cross-infection.<\/p>","protected":false},"excerpt":{"rendered":"<p>Automatic Soap dispenser with 800ml capacity in gel bag.<\/p>\n<p><a class=\"enlace-ficha-tecnica\" href=\"https:\/\/proandre.com\/wp-content\/uploads\/2025\/06\/Data-Sheet-Automatic-Soap-Dispenser-EN.pdf\" target=\"_blank\" rel=\"noopener\"><strong>Technical specifications<\/strong><\/a><\/p>","protected":false},"featured_media":5296,"template":"","meta":[],"product_brand":[],"product_cat":[32],"product_tag":[],"class_list":{"0":"post-5123","1":"product","2":"type-product","3":"status-publish","4":"has-post-thumbnail","6":"product_cat-equipamiento-banos","8":"first","9":"instock","10":"shipping-taxable","11":"product-type-simple"},"yoast_head":"<!-- This site is optimized with the Yoast SEO plugin v27.4 - https:\/\/yoast.com\/product\/yoast-seo-wordpress\/ -->\n<title>Jabonera Autom\u00e1tica - Productos de Higiene y Ambientaci\u00f3n<\/title>\n<meta name=\"robots\" content=\"index, follow, max-snippet:-1, max-image-preview:large, max-video-preview:-1\" \/>\n<link rel=\"canonical\" href=\"https:\/\/proandre.com\/en\/product\/jabonera-automatica\/\" \/>\n<meta property=\"og:locale\" content=\"en_GB\" \/>\n<meta property=\"og:type\" content=\"article\" \/>\n<meta property=\"og:title\" content=\"Jabonera Autom\u00e1tica - Productos de Higiene y Ambientaci\u00f3n\" \/>\n<meta property=\"og:description\" content=\"Jabonera Autom\u00e1tica con capacidad de 800ml en bolsa de gel.  Ficha T\u00e9cnica\" \/>\n<meta property=\"og:url\" content=\"https:\/\/proandre.com\/en\/product\/jabonera-automatica\/\" \/>\n<meta property=\"og:site_name\" content=\"Productos de Higiene y Ambientaci\u00f3n\" \/>\n<meta property=\"article:modified_time\" content=\"2026-04-09T10:11:58+00:00\" \/>\n<meta property=\"og:image\" content=\"https:\/\/proandre.com\/wp-content\/uploads\/2025\/06\/Jabonera-automatica-6-scaled.jpg\" \/>\n\t<meta property=\"og:image:width\" content=\"2215\" \/>\n\t<meta property=\"og:image:height\" content=\"2560\" \/>\n\t<meta property=\"og:image:type\" content=\"image\/jpeg\" \/>\n<meta name=\"twitter:card\" content=\"summary_large_image\" \/>\n<meta name=\"twitter:label1\" content=\"Estimated reading time\" \/>\n\t<meta name=\"twitter:data1\" content=\"1 minute\" \/>\n<script type=\"application\/ld+json\" class=\"yoast-schema-graph\">{\"@context\":\"https:\\\/\\\/schema.org\",\"@graph\":[{\"@type\":\"WebPage\",\"@id\":\"https:\\\/\\\/proandre.com\\\/producto\\\/jabonera-automatica\\\/\",\"url\":\"https:\\\/\\\/proandre.com\\\/producto\\\/jabonera-automatica\\\/\",\"name\":\"Jabonera Autom\u00e1tica - Productos de Higiene y Ambientaci\u00f3n\",\"isPartOf\":{\"@id\":\"https:\\\/\\\/proandre.com\\\/#website\"},\"primaryImageOfPage\":{\"@id\":\"https:\\\/\\\/proandre.com\\\/producto\\\/jabonera-automatica\\\/#primaryimage\"},\"image\":{\"@id\":\"https:\\\/\\\/proandre.com\\\/producto\\\/jabonera-automatica\\\/#primaryimage\"},\"thumbnailUrl\":\"https:\\\/\\\/proandre.com\\\/wp-content\\\/uploads\\\/2025\\\/06\\\/Jabonera-automatica-6-scaled.jpg\",\"datePublished\":\"2025-06-18T10:20:45+00:00\",\"dateModified\":\"2026-04-09T10:11:58+00:00\",\"breadcrumb\":{\"@id\":\"https:\\\/\\\/proandre.com\\\/producto\\\/jabonera-automatica\\\/#breadcrumb\"},\"inLanguage\":\"en-GB\",\"potentialAction\":[{\"@type\":\"ReadAction\",\"target\":[\"https:\\\/\\\/proandre.com\\\/producto\\\/jabonera-automatica\\\/\"]}]},{\"@type\":\"ImageObject\",\"inLanguage\":\"en-GB\",\"@id\":\"https:\\\/\\\/proandre.com\\\/producto\\\/jabonera-automatica\\\/#primaryimage\",\"url\":\"https:\\\/\\\/proandre.com\\\/wp-content\\\/uploads\\\/2025\\\/06\\\/Jabonera-automatica-6-scaled.jpg\",\"contentUrl\":\"https:\\\/\\\/proandre.com\\\/wp-content\\\/uploads\\\/2025\\\/06\\\/Jabonera-automatica-6-scaled.jpg\",\"width\":2215,\"height\":2560,\"caption\":\"Jabonera automatica 6 scaled\"},{\"@type\":\"BreadcrumbList\",\"@id\":\"https:\\\/\\\/proandre.com\\\/producto\\\/jabonera-automatica\\\/#breadcrumb\",\"itemListElement\":[{\"@type\":\"ListItem\",\"position\":1,\"name\":\"Portada\",\"item\":\"https:\\\/\\\/proandre.com\\\/\"},{\"@type\":\"ListItem\",\"position\":2,\"name\":\"Cat\u00e1logo\",\"item\":\"https:\\\/\\\/proandre.com\\\/catalogo\\\/\"},{\"@type\":\"ListItem\",\"position\":3,\"name\":\"Jabonera Autom\u00e1tica\"}]},{\"@type\":\"WebSite\",\"@id\":\"https:\\\/\\\/proandre.com\\\/#website\",\"url\":\"https:\\\/\\\/proandre.com\\\/\",\"name\":\"Proandre\",\"description\":\"Proandre es una empresa espa\u00f1ola con presencia internacional, dedicada a la fabricaci\u00f3n y comercializaci\u00f3n de productos de higiene y ambientaci\u00f3n, as\u00ed como complementos para las empresas de control de plagas\",\"publisher\":{\"@id\":\"https:\\\/\\\/proandre.com\\\/#organization\"},\"potentialAction\":[{\"@type\":\"SearchAction\",\"target\":{\"@type\":\"EntryPoint\",\"urlTemplate\":\"https:\\\/\\\/proandre.com\\\/?s={search_term_string}\"},\"query-input\":{\"@type\":\"PropertyValueSpecification\",\"valueRequired\":true,\"valueName\":\"search_term_string\"}}],\"inLanguage\":\"en-GB\"},{\"@type\":\"Organization\",\"@id\":\"https:\\\/\\\/proandre.com\\\/#organization\",\"name\":\"Proandre\",\"url\":\"https:\\\/\\\/proandre.com\\\/\",\"logo\":{\"@type\":\"ImageObject\",\"inLanguage\":\"en-GB\",\"@id\":\"https:\\\/\\\/proandre.com\\\/#\\\/schema\\\/logo\\\/image\\\/\",\"url\":\"https:\\\/\\\/proandre.com\\\/wp-content\\\/uploads\\\/2025\\\/05\\\/logo-proandre.png\",\"contentUrl\":\"https:\\\/\\\/proandre.com\\\/wp-content\\\/uploads\\\/2025\\\/05\\\/logo-proandre.png\",\"width\":640,\"height\":90,\"caption\":\"Proandre\"},\"image\":{\"@id\":\"https:\\\/\\\/proandre.com\\\/#\\\/schema\\\/logo\\\/image\\\/\"}}]}<\/script>\n<!-- \/ Yoast SEO plugin. -->","yoast_head_json":{"title":"Jabonera Autom\u00e1tica - Productos de Higiene y Ambientaci\u00f3n","robots":{"index":"index","follow":"follow","max-snippet":"max-snippet:-1","max-image-preview":"max-image-preview:large","max-video-preview":"max-video-preview:-1"},"canonical":"https:\/\/proandre.com\/en\/product\/jabonera-automatica\/","og_locale":"en_GB","og_type":"article","og_title":"Jabonera Autom\u00e1tica - Productos de Higiene y Ambientaci\u00f3n","og_description":"Jabonera Autom\u00e1tica con capacidad de 800ml en bolsa de gel.  Ficha T\u00e9cnica","og_url":"https:\/\/proandre.com\/en\/product\/jabonera-automatica\/","og_site_name":"Productos de Higiene y Ambientaci\u00f3n","article_modified_time":"2026-04-09T10:11:58+00:00","og_image":[{"width":2215,"height":2560,"url":"https:\/\/proandre.com\/wp-content\/uploads\/2025\/06\/Jabonera-automatica-6-scaled.jpg","type":"image\/jpeg"}],"twitter_card":"summary_large_image","twitter_misc":{"Estimated reading time":"1 minute"},"schema":{"@context":"https:\/\/schema.org","@graph":[{"@type":"WebPage","@id":"https:\/\/proandre.com\/producto\/jabonera-automatica\/","url":"https:\/\/proandre.com\/producto\/jabonera-automatica\/","name":"Jabonera Autom\u00e1tica - Productos de Higiene y Ambientaci\u00f3n","isPartOf":{"@id":"https:\/\/proandre.com\/#website"},"primaryImageOfPage":{"@id":"https:\/\/proandre.com\/producto\/jabonera-automatica\/#primaryimage"},"image":{"@id":"https:\/\/proandre.com\/producto\/jabonera-automatica\/#primaryimage"},"thumbnailUrl":"https:\/\/proandre.com\/wp-content\/uploads\/2025\/06\/Jabonera-automatica-6-scaled.jpg","datePublished":"2025-06-18T10:20:45+00:00","dateModified":"2026-04-09T10:11:58+00:00","breadcrumb":{"@id":"https:\/\/proandre.com\/producto\/jabonera-automatica\/#breadcrumb"},"inLanguage":"en-GB","potentialAction":[{"@type":"ReadAction","target":["https:\/\/proandre.com\/producto\/jabonera-automatica\/"]}]},{"@type":"ImageObject","inLanguage":"en-GB","@id":"https:\/\/proandre.com\/producto\/jabonera-automatica\/#primaryimage","url":"https:\/\/proandre.com\/wp-content\/uploads\/2025\/06\/Jabonera-automatica-6-scaled.jpg","contentUrl":"https:\/\/proandre.com\/wp-content\/uploads\/2025\/06\/Jabonera-automatica-6-scaled.jpg","width":2215,"height":2560,"caption":"Jabonera automatica 6 scaled"},{"@type":"BreadcrumbList","@id":"https:\/\/proandre.com\/producto\/jabonera-automatica\/#breadcrumb","itemListElement":[{"@type":"ListItem","position":1,"name":"Portada","item":"https:\/\/proandre.com\/"},{"@type":"ListItem","position":2,"name":"Cat\u00e1logo","item":"https:\/\/proandre.com\/catalogo\/"},{"@type":"ListItem","position":3,"name":"Jabonera Autom\u00e1tica"}]},{"@type":"WebSite","@id":"https:\/\/proandre.com\/#website","url":"https:\/\/proandre.com\/","name":"Proandre","description":"Proandre es una empresa espa\u00f1ola con presencia internacional, dedicada a la fabricaci\u00f3n y comercializaci\u00f3n de productos de higiene y ambientaci\u00f3n, as\u00ed como complementos para las empresas de control de plagas","publisher":{"@id":"https:\/\/proandre.com\/#organization"},"potentialAction":[{"@type":"SearchAction","target":{"@type":"EntryPoint","urlTemplate":"https:\/\/proandre.com\/?s={search_term_string}"},"query-input":{"@type":"PropertyValueSpecification","valueRequired":true,"valueName":"search_term_string"}}],"inLanguage":"en-GB"},{"@type":"Organization","@id":"https:\/\/proandre.com\/#organization","name":"Proandre","url":"https:\/\/proandre.com\/","logo":{"@type":"ImageObject","inLanguage":"en-GB","@id":"https:\/\/proandre.com\/#\/schema\/logo\/image\/","url":"https:\/\/proandre.com\/wp-content\/uploads\/2025\/05\/logo-proandre.png","contentUrl":"https:\/\/proandre.com\/wp-content\/uploads\/2025\/05\/logo-proandre.png","width":640,"height":90,"caption":"Proandre"},"image":{"@id":"https:\/\/proandre.com\/#\/schema\/logo\/image\/"}}]}},"_links":{"self":[{"href":"https:\/\/proandre.com\/en\/wp-json\/wp\/v2\/product\/5123","targetHints":{"allow":["GET"]}}],"collection":[{"href":"https:\/\/proandre.com\/en\/wp-json\/wp\/v2\/product"}],"about":[{"href":"https:\/\/proandre.com\/en\/wp-json\/wp\/v2\/types\/product"}],"version-history":[{"count":2,"href":"https:\/\/proandre.com\/en\/wp-json\/wp\/v2\/product\/5123\/revisions"}],"predecessor-version":[{"id":6329,"href":"https:\/\/proandre.com\/en\/wp-json\/wp\/v2\/product\/5123\/revisions\/6329"}],"wp:featuredmedia":[{"embeddable":true,"href":"https:\/\/proandre.com\/en\/wp-json\/wp\/v2\/media\/5296"}],"wp:attachment":[{"href":"https:\/\/proandre.com\/en\/wp-json\/wp\/v2\/media?parent=5123"}],"wp:term":[{"taxonomy":"product_brand","embeddable":true,"href":"https:\/\/proandre.com\/en\/wp-json\/wp\/v2\/product_brand?post=5123"},{"taxonomy":"product_cat","embeddable":true,"href":"https:\/\/proandre.com\/en\/wp-json\/wp\/v2\/product_cat?post=5123"},{"taxonomy":"product_tag","embeddable":true,"href":"https:\/\/proandre.com\/en\/wp-json\/wp\/v2\/product_tag?post=5123"}],"curies":[{"name":"wp","href":"https:\/\/api.w.org\/{rel}","templated":true}]}}