{"id":5125,"date":"2025-06-18T12:21:08","date_gmt":"2025-06-18T10:21:08","guid":{"rendered":"http:\/\/proandre.com\/?post_type=product&#038;p=5125"},"modified":"2026-04-09T12:43:40","modified_gmt":"2026-04-09T10:43:40","slug":"unidad-higienica-sensor-slim","status":"publish","type":"product","link":"https:\/\/proandre.com\/en\/product\/unidad-higienica-sensor-slim\/","title":{"rendered":"Sensor Slim Sanitary Bin"},"content":{"rendered":"<p>Ideal for healthcare waste. Very stable, suitable for confined spaces. Prevents direct hand contact and the risk of cross-contamination. Designed to prevent the contents from being seen.<\/p>\n<p>Made of polypropylene, no transpiration through the pores, high resistance to chemicals. With infrared sensor to activate operation without touching the unit, more hygienic and thus avoiding the risk of cross-contamination.<\/p>","protected":false},"excerpt":{"rendered":"<p>Designed for the collection of sanitary towels and tampons, but can also be used as a waste bin.<\/p>\n<p><a class=\"enlace-ficha-tecnica\" href=\"https:\/\/proandre.com\/wp-content\/uploads\/2025\/06\/Data-Sheet-Sanitary-Bin-Sensor-Slim-EN.pdf\" target=\"_blank\" rel=\"noopener\"><strong>Technical specifications<\/strong><\/a><\/p>","protected":false},"featured_media":5722,"template":"","meta":[],"product_brand":[],"product_cat":[32],"product_tag":[],"class_list":{"0":"post-5125","1":"product","2":"type-product","3":"status-publish","4":"has-post-thumbnail","6":"product_cat-equipamiento-banos","8":"first","9":"instock","10":"shipping-taxable","11":"product-type-simple"},"yoast_head":"<!-- This site is optimized with the Yoast SEO plugin v27.4 - https:\/\/yoast.com\/product\/yoast-seo-wordpress\/ -->\n<title>Unidad higi\u00e9nica Sensor Slim - Productos de Higiene y Ambientaci\u00f3n<\/title>\n<meta name=\"robots\" content=\"index, follow, max-snippet:-1, max-image-preview:large, max-video-preview:-1\" \/>\n<link rel=\"canonical\" href=\"https:\/\/proandre.com\/en\/product\/unidad-higienica-sensor-slim\/\" \/>\n<meta property=\"og:locale\" content=\"en_GB\" \/>\n<meta property=\"og:type\" content=\"article\" \/>\n<meta property=\"og:title\" content=\"Unidad higi\u00e9nica Sensor Slim - Productos de Higiene y Ambientaci\u00f3n\" \/>\n<meta property=\"og:description\" content=\"Dise\u00f1ada para la recogida de compresas y tampones, pero tambi\u00e9n v\u00e1lida como papelera.  Ficha T\u00e9cnica\" \/>\n<meta property=\"og:url\" content=\"https:\/\/proandre.com\/en\/product\/unidad-higienica-sensor-slim\/\" \/>\n<meta property=\"og:site_name\" content=\"Productos de Higiene y Ambientaci\u00f3n\" \/>\n<meta property=\"article:modified_time\" content=\"2026-04-09T10:43:40+00:00\" \/>\n<meta property=\"og:image\" content=\"https:\/\/proandre.com\/wp-content\/uploads\/2025\/06\/unidad-higienica-sensor-slim-1-1.jpg\" \/>\n\t<meta property=\"og:image:width\" content=\"1024\" \/>\n\t<meta property=\"og:image:height\" content=\"1536\" \/>\n\t<meta property=\"og:image:type\" content=\"image\/jpeg\" \/>\n<meta name=\"twitter:card\" content=\"summary_large_image\" \/>\n<meta name=\"twitter:label1\" content=\"Estimated reading time\" \/>\n\t<meta name=\"twitter:data1\" content=\"1 minute\" \/>\n<script type=\"application\/ld+json\" class=\"yoast-schema-graph\">{\"@context\":\"https:\\\/\\\/schema.org\",\"@graph\":[{\"@type\":\"WebPage\",\"@id\":\"https:\\\/\\\/proandre.com\\\/producto\\\/unidad-higienica-sensor-slim\\\/\",\"url\":\"https:\\\/\\\/proandre.com\\\/producto\\\/unidad-higienica-sensor-slim\\\/\",\"name\":\"Unidad higi\u00e9nica Sensor Slim - Productos de Higiene y Ambientaci\u00f3n\",\"isPartOf\":{\"@id\":\"https:\\\/\\\/proandre.com\\\/#website\"},\"primaryImageOfPage\":{\"@id\":\"https:\\\/\\\/proandre.com\\\/producto\\\/unidad-higienica-sensor-slim\\\/#primaryimage\"},\"image\":{\"@id\":\"https:\\\/\\\/proandre.com\\\/producto\\\/unidad-higienica-sensor-slim\\\/#primaryimage\"},\"thumbnailUrl\":\"https:\\\/\\\/proandre.com\\\/wp-content\\\/uploads\\\/2025\\\/06\\\/unidad-higienica-sensor-slim-1-1.jpg\",\"datePublished\":\"2025-06-18T10:21:08+00:00\",\"dateModified\":\"2026-04-09T10:43:40+00:00\",\"breadcrumb\":{\"@id\":\"https:\\\/\\\/proandre.com\\\/producto\\\/unidad-higienica-sensor-slim\\\/#breadcrumb\"},\"inLanguage\":\"en-GB\",\"potentialAction\":[{\"@type\":\"ReadAction\",\"target\":[\"https:\\\/\\\/proandre.com\\\/producto\\\/unidad-higienica-sensor-slim\\\/\"]}]},{\"@type\":\"ImageObject\",\"inLanguage\":\"en-GB\",\"@id\":\"https:\\\/\\\/proandre.com\\\/producto\\\/unidad-higienica-sensor-slim\\\/#primaryimage\",\"url\":\"https:\\\/\\\/proandre.com\\\/wp-content\\\/uploads\\\/2025\\\/06\\\/unidad-higienica-sensor-slim-1-1.jpg\",\"contentUrl\":\"https:\\\/\\\/proandre.com\\\/wp-content\\\/uploads\\\/2025\\\/06\\\/unidad-higienica-sensor-slim-1-1.jpg\",\"width\":1024,\"height\":1536,\"caption\":\"unidad higie\u0301nica sensor slim 1\"},{\"@type\":\"BreadcrumbList\",\"@id\":\"https:\\\/\\\/proandre.com\\\/producto\\\/unidad-higienica-sensor-slim\\\/#breadcrumb\",\"itemListElement\":[{\"@type\":\"ListItem\",\"position\":1,\"name\":\"Portada\",\"item\":\"https:\\\/\\\/proandre.com\\\/\"},{\"@type\":\"ListItem\",\"position\":2,\"name\":\"Cat\u00e1logo\",\"item\":\"https:\\\/\\\/proandre.com\\\/catalogo\\\/\"},{\"@type\":\"ListItem\",\"position\":3,\"name\":\"Unidad higi\u00e9nica Sensor Slim\"}]},{\"@type\":\"WebSite\",\"@id\":\"https:\\\/\\\/proandre.com\\\/#website\",\"url\":\"https:\\\/\\\/proandre.com\\\/\",\"name\":\"Proandre\",\"description\":\"Proandre es una empresa espa\u00f1ola con presencia internacional, dedicada a la fabricaci\u00f3n y comercializaci\u00f3n de productos de higiene y ambientaci\u00f3n, as\u00ed como complementos para las empresas de control de plagas\",\"publisher\":{\"@id\":\"https:\\\/\\\/proandre.com\\\/#organization\"},\"potentialAction\":[{\"@type\":\"SearchAction\",\"target\":{\"@type\":\"EntryPoint\",\"urlTemplate\":\"https:\\\/\\\/proandre.com\\\/?s={search_term_string}\"},\"query-input\":{\"@type\":\"PropertyValueSpecification\",\"valueRequired\":true,\"valueName\":\"search_term_string\"}}],\"inLanguage\":\"en-GB\"},{\"@type\":\"Organization\",\"@id\":\"https:\\\/\\\/proandre.com\\\/#organization\",\"name\":\"Proandre\",\"url\":\"https:\\\/\\\/proandre.com\\\/\",\"logo\":{\"@type\":\"ImageObject\",\"inLanguage\":\"en-GB\",\"@id\":\"https:\\\/\\\/proandre.com\\\/#\\\/schema\\\/logo\\\/image\\\/\",\"url\":\"https:\\\/\\\/proandre.com\\\/wp-content\\\/uploads\\\/2025\\\/05\\\/logo-proandre.png\",\"contentUrl\":\"https:\\\/\\\/proandre.com\\\/wp-content\\\/uploads\\\/2025\\\/05\\\/logo-proandre.png\",\"width\":640,\"height\":90,\"caption\":\"Proandre\"},\"image\":{\"@id\":\"https:\\\/\\\/proandre.com\\\/#\\\/schema\\\/logo\\\/image\\\/\"}}]}<\/script>\n<!-- \/ Yoast SEO plugin. -->","yoast_head_json":{"title":"Unidad higi\u00e9nica Sensor Slim - Productos de Higiene y Ambientaci\u00f3n","robots":{"index":"index","follow":"follow","max-snippet":"max-snippet:-1","max-image-preview":"max-image-preview:large","max-video-preview":"max-video-preview:-1"},"canonical":"https:\/\/proandre.com\/en\/product\/unidad-higienica-sensor-slim\/","og_locale":"en_GB","og_type":"article","og_title":"Unidad higi\u00e9nica Sensor Slim - Productos de Higiene y Ambientaci\u00f3n","og_description":"Dise\u00f1ada para la recogida de compresas y tampones, pero tambi\u00e9n v\u00e1lida como papelera.  Ficha T\u00e9cnica","og_url":"https:\/\/proandre.com\/en\/product\/unidad-higienica-sensor-slim\/","og_site_name":"Productos de Higiene y Ambientaci\u00f3n","article_modified_time":"2026-04-09T10:43:40+00:00","og_image":[{"width":1024,"height":1536,"url":"https:\/\/proandre.com\/wp-content\/uploads\/2025\/06\/unidad-higienica-sensor-slim-1-1.jpg","type":"image\/jpeg"}],"twitter_card":"summary_large_image","twitter_misc":{"Estimated reading time":"1 minute"},"schema":{"@context":"https:\/\/schema.org","@graph":[{"@type":"WebPage","@id":"https:\/\/proandre.com\/producto\/unidad-higienica-sensor-slim\/","url":"https:\/\/proandre.com\/producto\/unidad-higienica-sensor-slim\/","name":"Unidad higi\u00e9nica Sensor Slim - Productos de Higiene y Ambientaci\u00f3n","isPartOf":{"@id":"https:\/\/proandre.com\/#website"},"primaryImageOfPage":{"@id":"https:\/\/proandre.com\/producto\/unidad-higienica-sensor-slim\/#primaryimage"},"image":{"@id":"https:\/\/proandre.com\/producto\/unidad-higienica-sensor-slim\/#primaryimage"},"thumbnailUrl":"https:\/\/proandre.com\/wp-content\/uploads\/2025\/06\/unidad-higienica-sensor-slim-1-1.jpg","datePublished":"2025-06-18T10:21:08+00:00","dateModified":"2026-04-09T10:43:40+00:00","breadcrumb":{"@id":"https:\/\/proandre.com\/producto\/unidad-higienica-sensor-slim\/#breadcrumb"},"inLanguage":"en-GB","potentialAction":[{"@type":"ReadAction","target":["https:\/\/proandre.com\/producto\/unidad-higienica-sensor-slim\/"]}]},{"@type":"ImageObject","inLanguage":"en-GB","@id":"https:\/\/proandre.com\/producto\/unidad-higienica-sensor-slim\/#primaryimage","url":"https:\/\/proandre.com\/wp-content\/uploads\/2025\/06\/unidad-higienica-sensor-slim-1-1.jpg","contentUrl":"https:\/\/proandre.com\/wp-content\/uploads\/2025\/06\/unidad-higienica-sensor-slim-1-1.jpg","width":1024,"height":1536,"caption":"unidad higie\u0301nica sensor slim 1"},{"@type":"BreadcrumbList","@id":"https:\/\/proandre.com\/producto\/unidad-higienica-sensor-slim\/#breadcrumb","itemListElement":[{"@type":"ListItem","position":1,"name":"Portada","item":"https:\/\/proandre.com\/"},{"@type":"ListItem","position":2,"name":"Cat\u00e1logo","item":"https:\/\/proandre.com\/catalogo\/"},{"@type":"ListItem","position":3,"name":"Unidad higi\u00e9nica Sensor Slim"}]},{"@type":"WebSite","@id":"https:\/\/proandre.com\/#website","url":"https:\/\/proandre.com\/","name":"Proandre","description":"Proandre es una empresa espa\u00f1ola con presencia internacional, dedicada a la fabricaci\u00f3n y comercializaci\u00f3n de productos de higiene y ambientaci\u00f3n, as\u00ed como complementos para las empresas de control de plagas","publisher":{"@id":"https:\/\/proandre.com\/#organization"},"potentialAction":[{"@type":"SearchAction","target":{"@type":"EntryPoint","urlTemplate":"https:\/\/proandre.com\/?s={search_term_string}"},"query-input":{"@type":"PropertyValueSpecification","valueRequired":true,"valueName":"search_term_string"}}],"inLanguage":"en-GB"},{"@type":"Organization","@id":"https:\/\/proandre.com\/#organization","name":"Proandre","url":"https:\/\/proandre.com\/","logo":{"@type":"ImageObject","inLanguage":"en-GB","@id":"https:\/\/proandre.com\/#\/schema\/logo\/image\/","url":"https:\/\/proandre.com\/wp-content\/uploads\/2025\/05\/logo-proandre.png","contentUrl":"https:\/\/proandre.com\/wp-content\/uploads\/2025\/05\/logo-proandre.png","width":640,"height":90,"caption":"Proandre"},"image":{"@id":"https:\/\/proandre.com\/#\/schema\/logo\/image\/"}}]}},"_links":{"self":[{"href":"https:\/\/proandre.com\/en\/wp-json\/wp\/v2\/product\/5125","targetHints":{"allow":["GET"]}}],"collection":[{"href":"https:\/\/proandre.com\/en\/wp-json\/wp\/v2\/product"}],"about":[{"href":"https:\/\/proandre.com\/en\/wp-json\/wp\/v2\/types\/product"}],"version-history":[{"count":4,"href":"https:\/\/proandre.com\/en\/wp-json\/wp\/v2\/product\/5125\/revisions"}],"predecessor-version":[{"id":6347,"href":"https:\/\/proandre.com\/en\/wp-json\/wp\/v2\/product\/5125\/revisions\/6347"}],"wp:featuredmedia":[{"embeddable":true,"href":"https:\/\/proandre.com\/en\/wp-json\/wp\/v2\/media\/5722"}],"wp:attachment":[{"href":"https:\/\/proandre.com\/en\/wp-json\/wp\/v2\/media?parent=5125"}],"wp:term":[{"taxonomy":"product_brand","embeddable":true,"href":"https:\/\/proandre.com\/en\/wp-json\/wp\/v2\/product_brand?post=5125"},{"taxonomy":"product_cat","embeddable":true,"href":"https:\/\/proandre.com\/en\/wp-json\/wp\/v2\/product_cat?post=5125"},{"taxonomy":"product_tag","embeddable":true,"href":"https:\/\/proandre.com\/en\/wp-json\/wp\/v2\/product_tag?post=5125"}],"curies":[{"name":"wp","href":"https:\/\/api.w.org\/{rel}","templated":true}]}}