{"id":5129,"date":"2025-06-18T12:22:12","date_gmt":"2025-06-18T10:22:12","guid":{"rendered":"http:\/\/proandre.com\/?post_type=product&#038;p=5129"},"modified":"2026-05-12T12:40:36","modified_gmt":"2026-05-12T10:40:36","slug":"secamanos-proandryer","status":"publish","type":"product","link":"https:\/\/proandre.com\/en\/product\/secamanos-proandryer\/","title":{"rendered":"Proandryer Hand Dryer"},"content":{"rendered":"<p><span data-sheets-root=\"1\">Thanks to its body detection technology, it activates automatically and switches off as soon as the hands are removed from the appliance, or after a continuous use of 60 seconds. It has a hot\/cold air system depending on the ambient temperature. The wind speed and performance of the hand dryer may vary slightly depending on the temperature and humidity conditions of the place of operation.<\/span><\/p>","protected":false},"excerpt":{"rendered":"<p>High performance automatic hand dryer perfect for any bathroom.<\/p>\n<p><a class=\"enlace-ficha-tecnica\" href=\"https:\/\/proandre.com\/wp-content\/uploads\/2025\/06\/Data-Sheet-Hand-Dryer-Proandryer-EN.pdf\" target=\"_blank\" rel=\"noopener\"><strong>Technical specifications<\/strong><\/a><\/p>","protected":false},"featured_media":5307,"template":"","meta":[],"product_brand":[],"product_cat":[32],"product_tag":[],"class_list":{"0":"post-5129","1":"product","2":"type-product","3":"status-publish","4":"has-post-thumbnail","6":"product_cat-equipamiento-banos","8":"first","9":"instock","10":"shipping-taxable","11":"product-type-simple"},"yoast_head":"<!-- This site is optimized with the Yoast SEO plugin v27.6 - https:\/\/yoast.com\/product\/yoast-seo-wordpress\/ -->\n<title>Secamanos Proandryer - Productos de Higiene y Ambientaci\u00f3n<\/title>\n<meta name=\"robots\" content=\"index, follow, max-snippet:-1, max-image-preview:large, max-video-preview:-1\" \/>\n<link rel=\"canonical\" href=\"https:\/\/proandre.com\/en\/product\/secamanos-proandryer\/\" \/>\n<meta property=\"og:locale\" content=\"en_GB\" \/>\n<meta property=\"og:type\" content=\"article\" \/>\n<meta property=\"og:title\" content=\"Secamanos Proandryer - Productos de Higiene y Ambientaci\u00f3n\" \/>\n<meta property=\"og:description\" content=\"Secamanos autom\u00e1tico de alto rendimiento perfecto para cualquier ba\u00f1o.  Ficha T\u00e9cnica\" \/>\n<meta property=\"og:url\" content=\"https:\/\/proandre.com\/en\/product\/secamanos-proandryer\/\" \/>\n<meta property=\"og:site_name\" content=\"Productos de Higiene y Ambientaci\u00f3n\" \/>\n<meta property=\"article:modified_time\" content=\"2026-05-12T10:40:36+00:00\" \/>\n<meta property=\"og:image\" content=\"https:\/\/proandre.com\/wp-content\/uploads\/2025\/06\/Secamanos-Proandryer-3.jpg\" \/>\n\t<meta property=\"og:image:width\" content=\"1440\" \/>\n\t<meta property=\"og:image:height\" content=\"1920\" \/>\n\t<meta property=\"og:image:type\" content=\"image\/jpeg\" \/>\n<meta name=\"twitter:card\" content=\"summary_large_image\" \/>\n<meta name=\"twitter:label1\" content=\"Estimated reading time\" \/>\n\t<meta name=\"twitter:data1\" content=\"1 minute\" \/>\n<script type=\"application\/ld+json\" class=\"yoast-schema-graph\">{\"@context\":\"https:\\\/\\\/schema.org\",\"@graph\":[{\"@type\":\"WebPage\",\"@id\":\"https:\\\/\\\/proandre.com\\\/producto\\\/secamanos-proandryer\\\/\",\"url\":\"https:\\\/\\\/proandre.com\\\/producto\\\/secamanos-proandryer\\\/\",\"name\":\"Secamanos Proandryer - Productos de Higiene y Ambientaci\u00f3n\",\"isPartOf\":{\"@id\":\"https:\\\/\\\/proandre.com\\\/#website\"},\"primaryImageOfPage\":{\"@id\":\"https:\\\/\\\/proandre.com\\\/producto\\\/secamanos-proandryer\\\/#primaryimage\"},\"image\":{\"@id\":\"https:\\\/\\\/proandre.com\\\/producto\\\/secamanos-proandryer\\\/#primaryimage\"},\"thumbnailUrl\":\"https:\\\/\\\/proandre.com\\\/wp-content\\\/uploads\\\/2025\\\/06\\\/Secamanos-Proandryer-3.jpg\",\"datePublished\":\"2025-06-18T10:22:12+00:00\",\"dateModified\":\"2026-05-12T10:40:36+00:00\",\"breadcrumb\":{\"@id\":\"https:\\\/\\\/proandre.com\\\/producto\\\/secamanos-proandryer\\\/#breadcrumb\"},\"inLanguage\":\"en-GB\",\"potentialAction\":[{\"@type\":\"ReadAction\",\"target\":[\"https:\\\/\\\/proandre.com\\\/producto\\\/secamanos-proandryer\\\/\"]}]},{\"@type\":\"ImageObject\",\"inLanguage\":\"en-GB\",\"@id\":\"https:\\\/\\\/proandre.com\\\/producto\\\/secamanos-proandryer\\\/#primaryimage\",\"url\":\"https:\\\/\\\/proandre.com\\\/wp-content\\\/uploads\\\/2025\\\/06\\\/Secamanos-Proandryer-3.jpg\",\"contentUrl\":\"https:\\\/\\\/proandre.com\\\/wp-content\\\/uploads\\\/2025\\\/06\\\/Secamanos-Proandryer-3.jpg\",\"width\":1440,\"height\":1920,\"caption\":\"Secamanos Proandryer 3\"},{\"@type\":\"BreadcrumbList\",\"@id\":\"https:\\\/\\\/proandre.com\\\/producto\\\/secamanos-proandryer\\\/#breadcrumb\",\"itemListElement\":[{\"@type\":\"ListItem\",\"position\":1,\"name\":\"Portada\",\"item\":\"https:\\\/\\\/proandre.com\\\/\"},{\"@type\":\"ListItem\",\"position\":2,\"name\":\"Cat\u00e1logo\",\"item\":\"https:\\\/\\\/proandre.com\\\/catalogo\\\/\"},{\"@type\":\"ListItem\",\"position\":3,\"name\":\"Secamanos Proandryer\"}]},{\"@type\":\"WebSite\",\"@id\":\"https:\\\/\\\/proandre.com\\\/#website\",\"url\":\"https:\\\/\\\/proandre.com\\\/\",\"name\":\"Proandre\",\"description\":\"Proandre es una empresa espa\u00f1ola con presencia internacional, dedicada a la fabricaci\u00f3n y comercializaci\u00f3n de productos de higiene y ambientaci\u00f3n, as\u00ed como complementos para las empresas de control de plagas\",\"publisher\":{\"@id\":\"https:\\\/\\\/proandre.com\\\/#organization\"},\"potentialAction\":[{\"@type\":\"SearchAction\",\"target\":{\"@type\":\"EntryPoint\",\"urlTemplate\":\"https:\\\/\\\/proandre.com\\\/?s={search_term_string}\"},\"query-input\":{\"@type\":\"PropertyValueSpecification\",\"valueRequired\":true,\"valueName\":\"search_term_string\"}}],\"inLanguage\":\"en-GB\"},{\"@type\":\"Organization\",\"@id\":\"https:\\\/\\\/proandre.com\\\/#organization\",\"name\":\"Proandre\",\"url\":\"https:\\\/\\\/proandre.com\\\/\",\"logo\":{\"@type\":\"ImageObject\",\"inLanguage\":\"en-GB\",\"@id\":\"https:\\\/\\\/proandre.com\\\/#\\\/schema\\\/logo\\\/image\\\/\",\"url\":\"https:\\\/\\\/proandre.com\\\/wp-content\\\/uploads\\\/2025\\\/05\\\/logo-proandre.png\",\"contentUrl\":\"https:\\\/\\\/proandre.com\\\/wp-content\\\/uploads\\\/2025\\\/05\\\/logo-proandre.png\",\"width\":640,\"height\":90,\"caption\":\"Proandre\"},\"image\":{\"@id\":\"https:\\\/\\\/proandre.com\\\/#\\\/schema\\\/logo\\\/image\\\/\"}}]}<\/script>\n<!-- \/ Yoast SEO plugin. -->","yoast_head_json":{"title":"Secamanos Proandryer - Productos de Higiene y Ambientaci\u00f3n","robots":{"index":"index","follow":"follow","max-snippet":"max-snippet:-1","max-image-preview":"max-image-preview:large","max-video-preview":"max-video-preview:-1"},"canonical":"https:\/\/proandre.com\/en\/product\/secamanos-proandryer\/","og_locale":"en_GB","og_type":"article","og_title":"Secamanos Proandryer - Productos de Higiene y Ambientaci\u00f3n","og_description":"Secamanos autom\u00e1tico de alto rendimiento perfecto para cualquier ba\u00f1o.  Ficha T\u00e9cnica","og_url":"https:\/\/proandre.com\/en\/product\/secamanos-proandryer\/","og_site_name":"Productos de Higiene y Ambientaci\u00f3n","article_modified_time":"2026-05-12T10:40:36+00:00","og_image":[{"width":1440,"height":1920,"url":"https:\/\/proandre.com\/wp-content\/uploads\/2025\/06\/Secamanos-Proandryer-3.jpg","type":"image\/jpeg"}],"twitter_card":"summary_large_image","twitter_misc":{"Estimated reading time":"1 minute"},"schema":{"@context":"https:\/\/schema.org","@graph":[{"@type":"WebPage","@id":"https:\/\/proandre.com\/producto\/secamanos-proandryer\/","url":"https:\/\/proandre.com\/producto\/secamanos-proandryer\/","name":"Secamanos Proandryer - Productos de Higiene y Ambientaci\u00f3n","isPartOf":{"@id":"https:\/\/proandre.com\/#website"},"primaryImageOfPage":{"@id":"https:\/\/proandre.com\/producto\/secamanos-proandryer\/#primaryimage"},"image":{"@id":"https:\/\/proandre.com\/producto\/secamanos-proandryer\/#primaryimage"},"thumbnailUrl":"https:\/\/proandre.com\/wp-content\/uploads\/2025\/06\/Secamanos-Proandryer-3.jpg","datePublished":"2025-06-18T10:22:12+00:00","dateModified":"2026-05-12T10:40:36+00:00","breadcrumb":{"@id":"https:\/\/proandre.com\/producto\/secamanos-proandryer\/#breadcrumb"},"inLanguage":"en-GB","potentialAction":[{"@type":"ReadAction","target":["https:\/\/proandre.com\/producto\/secamanos-proandryer\/"]}]},{"@type":"ImageObject","inLanguage":"en-GB","@id":"https:\/\/proandre.com\/producto\/secamanos-proandryer\/#primaryimage","url":"https:\/\/proandre.com\/wp-content\/uploads\/2025\/06\/Secamanos-Proandryer-3.jpg","contentUrl":"https:\/\/proandre.com\/wp-content\/uploads\/2025\/06\/Secamanos-Proandryer-3.jpg","width":1440,"height":1920,"caption":"Secamanos Proandryer 3"},{"@type":"BreadcrumbList","@id":"https:\/\/proandre.com\/producto\/secamanos-proandryer\/#breadcrumb","itemListElement":[{"@type":"ListItem","position":1,"name":"Portada","item":"https:\/\/proandre.com\/"},{"@type":"ListItem","position":2,"name":"Cat\u00e1logo","item":"https:\/\/proandre.com\/catalogo\/"},{"@type":"ListItem","position":3,"name":"Secamanos Proandryer"}]},{"@type":"WebSite","@id":"https:\/\/proandre.com\/#website","url":"https:\/\/proandre.com\/","name":"Proandre","description":"Proandre es una empresa espa\u00f1ola con presencia internacional, dedicada a la fabricaci\u00f3n y comercializaci\u00f3n de productos de higiene y ambientaci\u00f3n, as\u00ed como complementos para las empresas de control de plagas","publisher":{"@id":"https:\/\/proandre.com\/#organization"},"potentialAction":[{"@type":"SearchAction","target":{"@type":"EntryPoint","urlTemplate":"https:\/\/proandre.com\/?s={search_term_string}"},"query-input":{"@type":"PropertyValueSpecification","valueRequired":true,"valueName":"search_term_string"}}],"inLanguage":"en-GB"},{"@type":"Organization","@id":"https:\/\/proandre.com\/#organization","name":"Proandre","url":"https:\/\/proandre.com\/","logo":{"@type":"ImageObject","inLanguage":"en-GB","@id":"https:\/\/proandre.com\/#\/schema\/logo\/image\/","url":"https:\/\/proandre.com\/wp-content\/uploads\/2025\/05\/logo-proandre.png","contentUrl":"https:\/\/proandre.com\/wp-content\/uploads\/2025\/05\/logo-proandre.png","width":640,"height":90,"caption":"Proandre"},"image":{"@id":"https:\/\/proandre.com\/#\/schema\/logo\/image\/"}}]}},"_links":{"self":[{"href":"https:\/\/proandre.com\/en\/wp-json\/wp\/v2\/product\/5129","targetHints":{"allow":["GET"]}}],"collection":[{"href":"https:\/\/proandre.com\/en\/wp-json\/wp\/v2\/product"}],"about":[{"href":"https:\/\/proandre.com\/en\/wp-json\/wp\/v2\/types\/product"}],"version-history":[{"count":2,"href":"https:\/\/proandre.com\/en\/wp-json\/wp\/v2\/product\/5129\/revisions"}],"predecessor-version":[{"id":6350,"href":"https:\/\/proandre.com\/en\/wp-json\/wp\/v2\/product\/5129\/revisions\/6350"}],"wp:featuredmedia":[{"embeddable":true,"href":"https:\/\/proandre.com\/en\/wp-json\/wp\/v2\/media\/5307"}],"wp:attachment":[{"href":"https:\/\/proandre.com\/en\/wp-json\/wp\/v2\/media?parent=5129"}],"wp:term":[{"taxonomy":"product_brand","embeddable":true,"href":"https:\/\/proandre.com\/en\/wp-json\/wp\/v2\/product_brand?post=5129"},{"taxonomy":"product_cat","embeddable":true,"href":"https:\/\/proandre.com\/en\/wp-json\/wp\/v2\/product_cat?post=5129"},{"taxonomy":"product_tag","embeddable":true,"href":"https:\/\/proandre.com\/en\/wp-json\/wp\/v2\/product_tag?post=5129"}],"curies":[{"name":"wp","href":"https:\/\/api.w.org\/{rel}","templated":true}]}}