{"id":5135,"date":"2025-06-18T12:23:39","date_gmt":"2025-06-18T10:23:39","guid":{"rendered":"http:\/\/proandre.com\/?post_type=product&#038;p=5135"},"modified":"2026-04-09T13:51:51","modified_gmt":"2026-04-09T11:51:51","slug":"dispensador-neobreeze","status":"publish","type":"product","link":"https:\/\/proandre.com\/en\/product\/dispensador-neobreeze\/","title":{"rendered":"Neobreeze Dispenser"},"content":{"rendered":"<p><span data-sheets-root=\"1\">Automatic air freshener with digital programming, with an elegant and modern design, suitable for all types of properties. It works with 250ml aerosol charges, which means a capacity of 3,000 doses. It is effective in spaces up to 60m2. Hygienic, easy to clean and refill.<br \/>\n<\/span><\/p>","protected":false},"excerpt":{"rendered":"<p><span data-sheets-root=\"1\">Automatic air freshener for aerosol loads.<\/span><\/p>\n<p><a class=\"enlace-ficha-tecnica\" href=\"https:\/\/proandre.com\/wp-content\/uploads\/2025\/06\/Data-Sheet-Neobreeze_EN.pdf\" target=\"_blank\" rel=\"noopener\"><strong>Technical specifications<\/strong><\/a><\/p>","protected":false},"featured_media":5429,"template":"","meta":[],"product_brand":[],"product_cat":[33],"product_tag":[],"class_list":{"0":"post-5135","1":"product","2":"type-product","3":"status-publish","4":"has-post-thumbnail","6":"product_cat-ambientacion","8":"first","9":"instock","10":"shipping-taxable","11":"product-type-simple"},"yoast_head":"<!-- This site is optimized with the Yoast SEO plugin v27.4 - https:\/\/yoast.com\/product\/yoast-seo-wordpress\/ -->\n<title>Dispensador Neobreeze - Productos de Higiene y Ambientaci\u00f3n<\/title>\n<meta name=\"robots\" content=\"index, follow, max-snippet:-1, max-image-preview:large, max-video-preview:-1\" \/>\n<link rel=\"canonical\" href=\"https:\/\/proandre.com\/en\/product\/dispensador-neobreeze\/\" \/>\n<meta property=\"og:locale\" content=\"en_GB\" \/>\n<meta property=\"og:type\" content=\"article\" \/>\n<meta property=\"og:title\" content=\"Dispensador Neobreeze - Productos de Higiene y Ambientaci\u00f3n\" \/>\n<meta property=\"og:description\" content=\"Ambientador autom\u00e1tico para cargas de aerosol.  Ficha T\u00e9cnica\" \/>\n<meta property=\"og:url\" content=\"https:\/\/proandre.com\/en\/product\/dispensador-neobreeze\/\" \/>\n<meta property=\"og:site_name\" content=\"Productos de Higiene y Ambientaci\u00f3n\" \/>\n<meta property=\"article:modified_time\" content=\"2026-04-09T11:51:51+00:00\" \/>\n<meta property=\"og:image\" content=\"https:\/\/proandre.com\/wp-content\/uploads\/2025\/06\/Dispensador-neobreeze-1.jpg\" \/>\n\t<meta property=\"og:image:width\" content=\"907\" \/>\n\t<meta property=\"og:image:height\" content=\"913\" \/>\n\t<meta property=\"og:image:type\" content=\"image\/jpeg\" \/>\n<meta name=\"twitter:card\" content=\"summary_large_image\" \/>\n<meta name=\"twitter:label1\" content=\"Estimated reading time\" \/>\n\t<meta name=\"twitter:data1\" content=\"1 minute\" \/>\n<script type=\"application\/ld+json\" class=\"yoast-schema-graph\">{\"@context\":\"https:\\\/\\\/schema.org\",\"@graph\":[{\"@type\":\"WebPage\",\"@id\":\"https:\\\/\\\/proandre.com\\\/producto\\\/dispensador-neobreeze\\\/\",\"url\":\"https:\\\/\\\/proandre.com\\\/producto\\\/dispensador-neobreeze\\\/\",\"name\":\"Dispensador Neobreeze - Productos de Higiene y Ambientaci\u00f3n\",\"isPartOf\":{\"@id\":\"https:\\\/\\\/proandre.com\\\/#website\"},\"primaryImageOfPage\":{\"@id\":\"https:\\\/\\\/proandre.com\\\/producto\\\/dispensador-neobreeze\\\/#primaryimage\"},\"image\":{\"@id\":\"https:\\\/\\\/proandre.com\\\/producto\\\/dispensador-neobreeze\\\/#primaryimage\"},\"thumbnailUrl\":\"https:\\\/\\\/proandre.com\\\/wp-content\\\/uploads\\\/2025\\\/06\\\/Dispensador-neobreeze-1.jpg\",\"datePublished\":\"2025-06-18T10:23:39+00:00\",\"dateModified\":\"2026-04-09T11:51:51+00:00\",\"breadcrumb\":{\"@id\":\"https:\\\/\\\/proandre.com\\\/producto\\\/dispensador-neobreeze\\\/#breadcrumb\"},\"inLanguage\":\"en-GB\",\"potentialAction\":[{\"@type\":\"ReadAction\",\"target\":[\"https:\\\/\\\/proandre.com\\\/producto\\\/dispensador-neobreeze\\\/\"]}]},{\"@type\":\"ImageObject\",\"inLanguage\":\"en-GB\",\"@id\":\"https:\\\/\\\/proandre.com\\\/producto\\\/dispensador-neobreeze\\\/#primaryimage\",\"url\":\"https:\\\/\\\/proandre.com\\\/wp-content\\\/uploads\\\/2025\\\/06\\\/Dispensador-neobreeze-1.jpg\",\"contentUrl\":\"https:\\\/\\\/proandre.com\\\/wp-content\\\/uploads\\\/2025\\\/06\\\/Dispensador-neobreeze-1.jpg\",\"width\":907,\"height\":913,\"caption\":\"Dispensador neobreeze 1\"},{\"@type\":\"BreadcrumbList\",\"@id\":\"https:\\\/\\\/proandre.com\\\/producto\\\/dispensador-neobreeze\\\/#breadcrumb\",\"itemListElement\":[{\"@type\":\"ListItem\",\"position\":1,\"name\":\"Portada\",\"item\":\"https:\\\/\\\/proandre.com\\\/\"},{\"@type\":\"ListItem\",\"position\":2,\"name\":\"Cat\u00e1logo\",\"item\":\"https:\\\/\\\/proandre.com\\\/catalogo\\\/\"},{\"@type\":\"ListItem\",\"position\":3,\"name\":\"Dispensador Neobreeze\"}]},{\"@type\":\"WebSite\",\"@id\":\"https:\\\/\\\/proandre.com\\\/#website\",\"url\":\"https:\\\/\\\/proandre.com\\\/\",\"name\":\"Proandre\",\"description\":\"Proandre es una empresa espa\u00f1ola con presencia internacional, dedicada a la fabricaci\u00f3n y comercializaci\u00f3n de productos de higiene y ambientaci\u00f3n, as\u00ed como complementos para las empresas de control de plagas\",\"publisher\":{\"@id\":\"https:\\\/\\\/proandre.com\\\/#organization\"},\"potentialAction\":[{\"@type\":\"SearchAction\",\"target\":{\"@type\":\"EntryPoint\",\"urlTemplate\":\"https:\\\/\\\/proandre.com\\\/?s={search_term_string}\"},\"query-input\":{\"@type\":\"PropertyValueSpecification\",\"valueRequired\":true,\"valueName\":\"search_term_string\"}}],\"inLanguage\":\"en-GB\"},{\"@type\":\"Organization\",\"@id\":\"https:\\\/\\\/proandre.com\\\/#organization\",\"name\":\"Proandre\",\"url\":\"https:\\\/\\\/proandre.com\\\/\",\"logo\":{\"@type\":\"ImageObject\",\"inLanguage\":\"en-GB\",\"@id\":\"https:\\\/\\\/proandre.com\\\/#\\\/schema\\\/logo\\\/image\\\/\",\"url\":\"https:\\\/\\\/proandre.com\\\/wp-content\\\/uploads\\\/2025\\\/05\\\/logo-proandre.png\",\"contentUrl\":\"https:\\\/\\\/proandre.com\\\/wp-content\\\/uploads\\\/2025\\\/05\\\/logo-proandre.png\",\"width\":640,\"height\":90,\"caption\":\"Proandre\"},\"image\":{\"@id\":\"https:\\\/\\\/proandre.com\\\/#\\\/schema\\\/logo\\\/image\\\/\"}}]}<\/script>\n<!-- \/ Yoast SEO plugin. -->","yoast_head_json":{"title":"Dispensador Neobreeze - Productos de Higiene y Ambientaci\u00f3n","robots":{"index":"index","follow":"follow","max-snippet":"max-snippet:-1","max-image-preview":"max-image-preview:large","max-video-preview":"max-video-preview:-1"},"canonical":"https:\/\/proandre.com\/en\/product\/dispensador-neobreeze\/","og_locale":"en_GB","og_type":"article","og_title":"Dispensador Neobreeze - Productos de Higiene y Ambientaci\u00f3n","og_description":"Ambientador autom\u00e1tico para cargas de aerosol.  Ficha T\u00e9cnica","og_url":"https:\/\/proandre.com\/en\/product\/dispensador-neobreeze\/","og_site_name":"Productos de Higiene y Ambientaci\u00f3n","article_modified_time":"2026-04-09T11:51:51+00:00","og_image":[{"width":907,"height":913,"url":"https:\/\/proandre.com\/wp-content\/uploads\/2025\/06\/Dispensador-neobreeze-1.jpg","type":"image\/jpeg"}],"twitter_card":"summary_large_image","twitter_misc":{"Estimated reading time":"1 minute"},"schema":{"@context":"https:\/\/schema.org","@graph":[{"@type":"WebPage","@id":"https:\/\/proandre.com\/producto\/dispensador-neobreeze\/","url":"https:\/\/proandre.com\/producto\/dispensador-neobreeze\/","name":"Dispensador Neobreeze - Productos de Higiene y Ambientaci\u00f3n","isPartOf":{"@id":"https:\/\/proandre.com\/#website"},"primaryImageOfPage":{"@id":"https:\/\/proandre.com\/producto\/dispensador-neobreeze\/#primaryimage"},"image":{"@id":"https:\/\/proandre.com\/producto\/dispensador-neobreeze\/#primaryimage"},"thumbnailUrl":"https:\/\/proandre.com\/wp-content\/uploads\/2025\/06\/Dispensador-neobreeze-1.jpg","datePublished":"2025-06-18T10:23:39+00:00","dateModified":"2026-04-09T11:51:51+00:00","breadcrumb":{"@id":"https:\/\/proandre.com\/producto\/dispensador-neobreeze\/#breadcrumb"},"inLanguage":"en-GB","potentialAction":[{"@type":"ReadAction","target":["https:\/\/proandre.com\/producto\/dispensador-neobreeze\/"]}]},{"@type":"ImageObject","inLanguage":"en-GB","@id":"https:\/\/proandre.com\/producto\/dispensador-neobreeze\/#primaryimage","url":"https:\/\/proandre.com\/wp-content\/uploads\/2025\/06\/Dispensador-neobreeze-1.jpg","contentUrl":"https:\/\/proandre.com\/wp-content\/uploads\/2025\/06\/Dispensador-neobreeze-1.jpg","width":907,"height":913,"caption":"Dispensador neobreeze 1"},{"@type":"BreadcrumbList","@id":"https:\/\/proandre.com\/producto\/dispensador-neobreeze\/#breadcrumb","itemListElement":[{"@type":"ListItem","position":1,"name":"Portada","item":"https:\/\/proandre.com\/"},{"@type":"ListItem","position":2,"name":"Cat\u00e1logo","item":"https:\/\/proandre.com\/catalogo\/"},{"@type":"ListItem","position":3,"name":"Dispensador Neobreeze"}]},{"@type":"WebSite","@id":"https:\/\/proandre.com\/#website","url":"https:\/\/proandre.com\/","name":"Proandre","description":"Proandre es una empresa espa\u00f1ola con presencia internacional, dedicada a la fabricaci\u00f3n y comercializaci\u00f3n de productos de higiene y ambientaci\u00f3n, as\u00ed como complementos para las empresas de control de plagas","publisher":{"@id":"https:\/\/proandre.com\/#organization"},"potentialAction":[{"@type":"SearchAction","target":{"@type":"EntryPoint","urlTemplate":"https:\/\/proandre.com\/?s={search_term_string}"},"query-input":{"@type":"PropertyValueSpecification","valueRequired":true,"valueName":"search_term_string"}}],"inLanguage":"en-GB"},{"@type":"Organization","@id":"https:\/\/proandre.com\/#organization","name":"Proandre","url":"https:\/\/proandre.com\/","logo":{"@type":"ImageObject","inLanguage":"en-GB","@id":"https:\/\/proandre.com\/#\/schema\/logo\/image\/","url":"https:\/\/proandre.com\/wp-content\/uploads\/2025\/05\/logo-proandre.png","contentUrl":"https:\/\/proandre.com\/wp-content\/uploads\/2025\/05\/logo-proandre.png","width":640,"height":90,"caption":"Proandre"},"image":{"@id":"https:\/\/proandre.com\/#\/schema\/logo\/image\/"}}]}},"_links":{"self":[{"href":"https:\/\/proandre.com\/en\/wp-json\/wp\/v2\/product\/5135","targetHints":{"allow":["GET"]}}],"collection":[{"href":"https:\/\/proandre.com\/en\/wp-json\/wp\/v2\/product"}],"about":[{"href":"https:\/\/proandre.com\/en\/wp-json\/wp\/v2\/types\/product"}],"version-history":[{"count":3,"href":"https:\/\/proandre.com\/en\/wp-json\/wp\/v2\/product\/5135\/revisions"}],"predecessor-version":[{"id":6373,"href":"https:\/\/proandre.com\/en\/wp-json\/wp\/v2\/product\/5135\/revisions\/6373"}],"wp:featuredmedia":[{"embeddable":true,"href":"https:\/\/proandre.com\/en\/wp-json\/wp\/v2\/media\/5429"}],"wp:attachment":[{"href":"https:\/\/proandre.com\/en\/wp-json\/wp\/v2\/media?parent=5135"}],"wp:term":[{"taxonomy":"product_brand","embeddable":true,"href":"https:\/\/proandre.com\/en\/wp-json\/wp\/v2\/product_brand?post=5135"},{"taxonomy":"product_cat","embeddable":true,"href":"https:\/\/proandre.com\/en\/wp-json\/wp\/v2\/product_cat?post=5135"},{"taxonomy":"product_tag","embeddable":true,"href":"https:\/\/proandre.com\/en\/wp-json\/wp\/v2\/product_tag?post=5135"}],"curies":[{"name":"wp","href":"https:\/\/api.w.org\/{rel}","templated":true}]}}