{"id":5144,"date":"2025-06-18T12:37:39","date_gmt":"2025-06-18T10:37:39","guid":{"rendered":"http:\/\/proandre.com\/?post_type=product&#038;p=5144"},"modified":"2026-04-09T16:50:28","modified_gmt":"2026-04-09T14:50:28","slug":"eliminador-de-malos-olores-probio","status":"publish","type":"product","link":"https:\/\/proandre.com\/en\/product\/eliminador-de-malos-olores-probio\/","title":{"rendered":"Probio Odour Eliminator"},"content":{"rendered":"<p>It is indicated for the treatment of odours emitted by, for example, rubbish, toilets, tobacco, sewers, containers, pipes, pets, etc. It can be used in environments with human or animal presence. Available in different formats to adapt to the customer's needs:<\/p>\n<p>The nebulizer format allows for efficient and convenient applications, as it is dispersed in the air in the form of a \u201cmist\u201d, which means it can reach even the most difficult corners.<\/p>\n<p>The spray format allows applications in the environment and on surfaces, ideal for eliminating odour-causing particles both in the air and at their source.<\/p>\n<p>The polymer format allows for efficient and convenient applications, since it is constantly dispersed in the air, thus achieving a greater range and power.<\/p>","protected":false},"excerpt":{"rendered":"<p>Odour eliminator ideal for application in the environment and on surfaces. It is a product that combines several technologies to achieve an effective elimination of bad smells, leaving a more pleasant and healthy environment.<\/p>\n<p><a class=\"enlace-ficha-tecnica\" style=\"margin: 0.5em 0 0;\" href=\"\/wp-content\/uploads\/2025\/11\/TDS-PROBIO-ODOR-ELIMINATOR-GEL-Ref.900_EN.pdf\" target=\"_blank\" rel=\"noopener\"><strong>Technical Data Sheet Gel<\/strong><\/a><\/p>\n<p><a class=\"enlace-ficha-tecnica\" style=\"margin: 0.5em 0 0;\" href=\"\/wp-content\/uploads\/2025\/11\/TDS-PROBIO-ODOR-ELIMINATOR-NEBULIZER-Ref.NEBPBIO_EN.pdf\" target=\"_blank\" rel=\"noopener\"><strong>Technical Data Sheet Nebulizer<\/strong><\/a><\/p>\n<p><a class=\"enlace-ficha-tecnica\" href=\"\/wp-content\/uploads\/2025\/11\/TDS-PROBIO-ODOR-ELIMINATOR-SPRAY-Ref.99497_EN.pdf\" target=\"_blank\" rel=\"noopener\"><strong>Technical Data Sheet Sprayer<\/strong><\/a><\/p>","protected":false},"featured_media":5498,"template":"","meta":[],"product_brand":[],"product_cat":[34],"product_tag":[],"class_list":{"0":"post-5144","1":"product","2":"type-product","3":"status-publish","4":"has-post-thumbnail","6":"product_cat-eliminacion-de-olores","8":"first","9":"instock","10":"shipping-taxable","11":"product-type-simple"},"yoast_head":"<!-- This site is optimized with the Yoast SEO plugin v27.4 - https:\/\/yoast.com\/product\/yoast-seo-wordpress\/ -->\n<title>Eliminador de malos olores Probio - Productos de Higiene y Ambientaci\u00f3n<\/title>\n<meta name=\"robots\" content=\"index, follow, max-snippet:-1, max-image-preview:large, max-video-preview:-1\" \/>\n<link rel=\"canonical\" href=\"https:\/\/proandre.com\/en\/product\/eliminador-de-malos-olores-probio\/\" \/>\n<meta property=\"og:locale\" content=\"en_GB\" \/>\n<meta property=\"og:type\" content=\"article\" \/>\n<meta property=\"og:title\" content=\"Eliminador de malos olores Probio - Productos de Higiene y Ambientaci\u00f3n\" \/>\n<meta property=\"og:description\" content=\"Eliminador de malos olores ideal para aplicar en ambiente y superficies. Se trata de un producto que combina varias tecnolog\u00edas para conseguir una eliminaci\u00f3n eficaz de los malos olores, dejando un ambiente m\u00e1s agradable y saludable.  Ficha T\u00e9cnica Gel  Ficha T\u00e9cnica Nebulizador  Ficha T\u00e9cnica Pulverizador\" \/>\n<meta property=\"og:url\" content=\"https:\/\/proandre.com\/en\/product\/eliminador-de-malos-olores-probio\/\" \/>\n<meta property=\"og:site_name\" content=\"Productos de Higiene y Ambientaci\u00f3n\" \/>\n<meta property=\"article:modified_time\" content=\"2026-04-09T14:50:28+00:00\" \/>\n<meta property=\"og:image\" content=\"https:\/\/proandre.com\/wp-content\/uploads\/2025\/06\/Probio-1-scaled.jpg\" \/>\n\t<meta property=\"og:image:width\" content=\"2405\" \/>\n\t<meta property=\"og:image:height\" content=\"2560\" \/>\n\t<meta property=\"og:image:type\" content=\"image\/jpeg\" \/>\n<meta name=\"twitter:card\" content=\"summary_large_image\" \/>\n<meta name=\"twitter:label1\" content=\"Estimated reading time\" \/>\n\t<meta name=\"twitter:data1\" content=\"1 minute\" \/>\n<script type=\"application\/ld+json\" class=\"yoast-schema-graph\">{\"@context\":\"https:\\\/\\\/schema.org\",\"@graph\":[{\"@type\":\"WebPage\",\"@id\":\"https:\\\/\\\/proandre.com\\\/producto\\\/eliminador-de-malos-olores-probio\\\/\",\"url\":\"https:\\\/\\\/proandre.com\\\/producto\\\/eliminador-de-malos-olores-probio\\\/\",\"name\":\"Eliminador de malos olores Probio - Productos de Higiene y Ambientaci\u00f3n\",\"isPartOf\":{\"@id\":\"https:\\\/\\\/proandre.com\\\/#website\"},\"primaryImageOfPage\":{\"@id\":\"https:\\\/\\\/proandre.com\\\/producto\\\/eliminador-de-malos-olores-probio\\\/#primaryimage\"},\"image\":{\"@id\":\"https:\\\/\\\/proandre.com\\\/producto\\\/eliminador-de-malos-olores-probio\\\/#primaryimage\"},\"thumbnailUrl\":\"https:\\\/\\\/proandre.com\\\/wp-content\\\/uploads\\\/2025\\\/06\\\/Probio-1-scaled.jpg\",\"datePublished\":\"2025-06-18T10:37:39+00:00\",\"dateModified\":\"2026-04-09T14:50:28+00:00\",\"breadcrumb\":{\"@id\":\"https:\\\/\\\/proandre.com\\\/producto\\\/eliminador-de-malos-olores-probio\\\/#breadcrumb\"},\"inLanguage\":\"en-GB\",\"potentialAction\":[{\"@type\":\"ReadAction\",\"target\":[\"https:\\\/\\\/proandre.com\\\/producto\\\/eliminador-de-malos-olores-probio\\\/\"]}]},{\"@type\":\"ImageObject\",\"inLanguage\":\"en-GB\",\"@id\":\"https:\\\/\\\/proandre.com\\\/producto\\\/eliminador-de-malos-olores-probio\\\/#primaryimage\",\"url\":\"https:\\\/\\\/proandre.com\\\/wp-content\\\/uploads\\\/2025\\\/06\\\/Probio-1-scaled.jpg\",\"contentUrl\":\"https:\\\/\\\/proandre.com\\\/wp-content\\\/uploads\\\/2025\\\/06\\\/Probio-1-scaled.jpg\",\"width\":2405,\"height\":2560,\"caption\":\"Probio 1 scaled\"},{\"@type\":\"BreadcrumbList\",\"@id\":\"https:\\\/\\\/proandre.com\\\/producto\\\/eliminador-de-malos-olores-probio\\\/#breadcrumb\",\"itemListElement\":[{\"@type\":\"ListItem\",\"position\":1,\"name\":\"Portada\",\"item\":\"https:\\\/\\\/proandre.com\\\/\"},{\"@type\":\"ListItem\",\"position\":2,\"name\":\"Cat\u00e1logo\",\"item\":\"https:\\\/\\\/proandre.com\\\/catalogo\\\/\"},{\"@type\":\"ListItem\",\"position\":3,\"name\":\"Eliminador de malos olores Probio\"}]},{\"@type\":\"WebSite\",\"@id\":\"https:\\\/\\\/proandre.com\\\/#website\",\"url\":\"https:\\\/\\\/proandre.com\\\/\",\"name\":\"Proandre\",\"description\":\"Proandre es una empresa espa\u00f1ola con presencia internacional, dedicada a la fabricaci\u00f3n y comercializaci\u00f3n de productos de higiene y ambientaci\u00f3n, as\u00ed como complementos para las empresas de control de plagas\",\"publisher\":{\"@id\":\"https:\\\/\\\/proandre.com\\\/#organization\"},\"potentialAction\":[{\"@type\":\"SearchAction\",\"target\":{\"@type\":\"EntryPoint\",\"urlTemplate\":\"https:\\\/\\\/proandre.com\\\/?s={search_term_string}\"},\"query-input\":{\"@type\":\"PropertyValueSpecification\",\"valueRequired\":true,\"valueName\":\"search_term_string\"}}],\"inLanguage\":\"en-GB\"},{\"@type\":\"Organization\",\"@id\":\"https:\\\/\\\/proandre.com\\\/#organization\",\"name\":\"Proandre\",\"url\":\"https:\\\/\\\/proandre.com\\\/\",\"logo\":{\"@type\":\"ImageObject\",\"inLanguage\":\"en-GB\",\"@id\":\"https:\\\/\\\/proandre.com\\\/#\\\/schema\\\/logo\\\/image\\\/\",\"url\":\"https:\\\/\\\/proandre.com\\\/wp-content\\\/uploads\\\/2025\\\/05\\\/logo-proandre.png\",\"contentUrl\":\"https:\\\/\\\/proandre.com\\\/wp-content\\\/uploads\\\/2025\\\/05\\\/logo-proandre.png\",\"width\":640,\"height\":90,\"caption\":\"Proandre\"},\"image\":{\"@id\":\"https:\\\/\\\/proandre.com\\\/#\\\/schema\\\/logo\\\/image\\\/\"}}]}<\/script>\n<!-- \/ Yoast SEO plugin. -->","yoast_head_json":{"title":"Eliminador de malos olores Probio - Productos de Higiene y Ambientaci\u00f3n","robots":{"index":"index","follow":"follow","max-snippet":"max-snippet:-1","max-image-preview":"max-image-preview:large","max-video-preview":"max-video-preview:-1"},"canonical":"https:\/\/proandre.com\/en\/product\/eliminador-de-malos-olores-probio\/","og_locale":"en_GB","og_type":"article","og_title":"Eliminador de malos olores Probio - Productos de Higiene y Ambientaci\u00f3n","og_description":"Eliminador de malos olores ideal para aplicar en ambiente y superficies. Se trata de un producto que combina varias tecnolog\u00edas para conseguir una eliminaci\u00f3n eficaz de los malos olores, dejando un ambiente m\u00e1s agradable y saludable.  Ficha T\u00e9cnica Gel  Ficha T\u00e9cnica Nebulizador  Ficha T\u00e9cnica Pulverizador","og_url":"https:\/\/proandre.com\/en\/product\/eliminador-de-malos-olores-probio\/","og_site_name":"Productos de Higiene y Ambientaci\u00f3n","article_modified_time":"2026-04-09T14:50:28+00:00","og_image":[{"width":2405,"height":2560,"url":"https:\/\/proandre.com\/wp-content\/uploads\/2025\/06\/Probio-1-scaled.jpg","type":"image\/jpeg"}],"twitter_card":"summary_large_image","twitter_misc":{"Estimated reading time":"1 minute"},"schema":{"@context":"https:\/\/schema.org","@graph":[{"@type":"WebPage","@id":"https:\/\/proandre.com\/producto\/eliminador-de-malos-olores-probio\/","url":"https:\/\/proandre.com\/producto\/eliminador-de-malos-olores-probio\/","name":"Eliminador de malos olores Probio - Productos de Higiene y Ambientaci\u00f3n","isPartOf":{"@id":"https:\/\/proandre.com\/#website"},"primaryImageOfPage":{"@id":"https:\/\/proandre.com\/producto\/eliminador-de-malos-olores-probio\/#primaryimage"},"image":{"@id":"https:\/\/proandre.com\/producto\/eliminador-de-malos-olores-probio\/#primaryimage"},"thumbnailUrl":"https:\/\/proandre.com\/wp-content\/uploads\/2025\/06\/Probio-1-scaled.jpg","datePublished":"2025-06-18T10:37:39+00:00","dateModified":"2026-04-09T14:50:28+00:00","breadcrumb":{"@id":"https:\/\/proandre.com\/producto\/eliminador-de-malos-olores-probio\/#breadcrumb"},"inLanguage":"en-GB","potentialAction":[{"@type":"ReadAction","target":["https:\/\/proandre.com\/producto\/eliminador-de-malos-olores-probio\/"]}]},{"@type":"ImageObject","inLanguage":"en-GB","@id":"https:\/\/proandre.com\/producto\/eliminador-de-malos-olores-probio\/#primaryimage","url":"https:\/\/proandre.com\/wp-content\/uploads\/2025\/06\/Probio-1-scaled.jpg","contentUrl":"https:\/\/proandre.com\/wp-content\/uploads\/2025\/06\/Probio-1-scaled.jpg","width":2405,"height":2560,"caption":"Probio 1 scaled"},{"@type":"BreadcrumbList","@id":"https:\/\/proandre.com\/producto\/eliminador-de-malos-olores-probio\/#breadcrumb","itemListElement":[{"@type":"ListItem","position":1,"name":"Portada","item":"https:\/\/proandre.com\/"},{"@type":"ListItem","position":2,"name":"Cat\u00e1logo","item":"https:\/\/proandre.com\/catalogo\/"},{"@type":"ListItem","position":3,"name":"Eliminador de malos olores Probio"}]},{"@type":"WebSite","@id":"https:\/\/proandre.com\/#website","url":"https:\/\/proandre.com\/","name":"Proandre","description":"Proandre es una empresa espa\u00f1ola con presencia internacional, dedicada a la fabricaci\u00f3n y comercializaci\u00f3n de productos de higiene y ambientaci\u00f3n, as\u00ed como complementos para las empresas de control de plagas","publisher":{"@id":"https:\/\/proandre.com\/#organization"},"potentialAction":[{"@type":"SearchAction","target":{"@type":"EntryPoint","urlTemplate":"https:\/\/proandre.com\/?s={search_term_string}"},"query-input":{"@type":"PropertyValueSpecification","valueRequired":true,"valueName":"search_term_string"}}],"inLanguage":"en-GB"},{"@type":"Organization","@id":"https:\/\/proandre.com\/#organization","name":"Proandre","url":"https:\/\/proandre.com\/","logo":{"@type":"ImageObject","inLanguage":"en-GB","@id":"https:\/\/proandre.com\/#\/schema\/logo\/image\/","url":"https:\/\/proandre.com\/wp-content\/uploads\/2025\/05\/logo-proandre.png","contentUrl":"https:\/\/proandre.com\/wp-content\/uploads\/2025\/05\/logo-proandre.png","width":640,"height":90,"caption":"Proandre"},"image":{"@id":"https:\/\/proandre.com\/#\/schema\/logo\/image\/"}}]}},"_links":{"self":[{"href":"https:\/\/proandre.com\/en\/wp-json\/wp\/v2\/product\/5144","targetHints":{"allow":["GET"]}}],"collection":[{"href":"https:\/\/proandre.com\/en\/wp-json\/wp\/v2\/product"}],"about":[{"href":"https:\/\/proandre.com\/en\/wp-json\/wp\/v2\/types\/product"}],"version-history":[{"count":2,"href":"https:\/\/proandre.com\/en\/wp-json\/wp\/v2\/product\/5144\/revisions"}],"predecessor-version":[{"id":6393,"href":"https:\/\/proandre.com\/en\/wp-json\/wp\/v2\/product\/5144\/revisions\/6393"}],"wp:featuredmedia":[{"embeddable":true,"href":"https:\/\/proandre.com\/en\/wp-json\/wp\/v2\/media\/5498"}],"wp:attachment":[{"href":"https:\/\/proandre.com\/en\/wp-json\/wp\/v2\/media?parent=5144"}],"wp:term":[{"taxonomy":"product_brand","embeddable":true,"href":"https:\/\/proandre.com\/en\/wp-json\/wp\/v2\/product_brand?post=5144"},{"taxonomy":"product_cat","embeddable":true,"href":"https:\/\/proandre.com\/en\/wp-json\/wp\/v2\/product_cat?post=5144"},{"taxonomy":"product_tag","embeddable":true,"href":"https:\/\/proandre.com\/en\/wp-json\/wp\/v2\/product_tag?post=5144"}],"curies":[{"name":"wp","href":"https:\/\/api.w.org\/{rel}","templated":true}]}}