{"id":5146,"date":"2025-06-18T12:38:31","date_gmt":"2025-06-18T10:38:31","guid":{"rendered":"http:\/\/proandre.com\/?post_type=product&#038;p=5146"},"modified":"2025-09-18T13:25:54","modified_gmt":"2025-09-18T11:25:54","slug":"eliminador-de-malos-olores-pro-wc","status":"publish","type":"product","link":"https:\/\/proandre.com\/en\/product\/eliminador-de-malos-olores-pro-wc\/","title":{"rendered":"Pro-WC Odour Eliminator"},"content":{"rendered":"<p>Product that combines several technologies to achieve an effective elimination of bad smells, leaving a more pleasant and healthy environment. It does not mask the odour by covering it with another fragrance, but directly captures the molecule that causes the bad smell and makes it disappear from the air, thus eliminating the bad smell from the treated environment or surface.<\/p>\n<p>It is ideal for use in bathrooms, offering a light, pleasant jasmine scent that helps neutralize unwanted odours.<\/p>","protected":false},"excerpt":{"rendered":"<p>PROWC Odour Eliminator is a product specially formulated for the treatment of unpleasant odours in toilets and wastewater.<\/p>\n<p><a class=\"enlace-ficha-tecnica\" style=\"margin: 0.5em 0 0em;\" href=\"\/wp-content\/uploads\/2025\/11\/TDS-PROWC-ODOR-ELIMINATOR-ROOMSPRAY-Ref.99561_EN.pdf\" target=\"_blank\" rel=\"noopener\"><strong>Technical Data Sheet Sprayer<\/strong><\/a><\/p>\n<p><a class=\"enlace-ficha-tecnica\" href=\"\/wp-content\/uploads\/2025\/11\/TDS-PROWC-ODOR-ELIMINATOR-NEBULIZER-Ref.NEBWC_EN.pdf\" target=\"_blank\" rel=\"noopener\"><strong>Technical Data Sheet Nebulizer<\/strong><\/a><\/p>","protected":false},"featured_media":5756,"template":"","meta":[],"product_brand":[],"product_cat":[34],"product_tag":[],"class_list":{"0":"post-5146","1":"product","2":"type-product","3":"status-publish","4":"has-post-thumbnail","6":"product_cat-eliminacion-de-olores","8":"first","9":"instock","10":"shipping-taxable","11":"product-type-simple"},"yoast_head":"<!-- This site is optimized with the Yoast SEO plugin v27.4 - https:\/\/yoast.com\/product\/yoast-seo-wordpress\/ -->\n<title>Eliminador de malos olores Pro-wc - Productos de Higiene y Ambientaci\u00f3n<\/title>\n<meta name=\"robots\" content=\"index, follow, max-snippet:-1, max-image-preview:large, max-video-preview:-1\" \/>\n<link rel=\"canonical\" href=\"https:\/\/proandre.com\/en\/product\/eliminador-de-malos-olores-pro-wc\/\" \/>\n<meta property=\"og:locale\" content=\"en_GB\" \/>\n<meta property=\"og:type\" content=\"article\" \/>\n<meta property=\"og:title\" content=\"Eliminador de malos olores Pro-wc - Productos de Higiene y Ambientaci\u00f3n\" \/>\n<meta property=\"og:description\" content=\"El eliminador de malos olores PROWC es un producto especialmente formulado para el tratamiento de olores desagradables en ban\u0303os y aguas residuales.  Ficha T\u00e9cnica Pulverizador  Ficha T\u00e9cnica Nebulizador\" \/>\n<meta property=\"og:url\" content=\"https:\/\/proandre.com\/en\/product\/eliminador-de-malos-olores-pro-wc\/\" \/>\n<meta property=\"og:site_name\" content=\"Productos de Higiene y Ambientaci\u00f3n\" \/>\n<meta property=\"article:modified_time\" content=\"2025-09-18T11:25:54+00:00\" \/>\n<meta property=\"og:image\" content=\"https:\/\/proandre.com\/wp-content\/uploads\/2025\/06\/eliminador-de-olores-pro-wc-1.jpg\" \/>\n\t<meta property=\"og:image:width\" content=\"1024\" \/>\n\t<meta property=\"og:image:height\" content=\"1024\" \/>\n\t<meta property=\"og:image:type\" content=\"image\/jpeg\" \/>\n<meta name=\"twitter:card\" content=\"summary_large_image\" \/>\n<script type=\"application\/ld+json\" class=\"yoast-schema-graph\">{\"@context\":\"https:\\\/\\\/schema.org\",\"@graph\":[{\"@type\":\"WebPage\",\"@id\":\"https:\\\/\\\/proandre.com\\\/producto\\\/eliminador-de-malos-olores-pro-wc\\\/\",\"url\":\"https:\\\/\\\/proandre.com\\\/producto\\\/eliminador-de-malos-olores-pro-wc\\\/\",\"name\":\"Eliminador de malos olores Pro-wc - Productos de Higiene y Ambientaci\u00f3n\",\"isPartOf\":{\"@id\":\"https:\\\/\\\/proandre.com\\\/#website\"},\"primaryImageOfPage\":{\"@id\":\"https:\\\/\\\/proandre.com\\\/producto\\\/eliminador-de-malos-olores-pro-wc\\\/#primaryimage\"},\"image\":{\"@id\":\"https:\\\/\\\/proandre.com\\\/producto\\\/eliminador-de-malos-olores-pro-wc\\\/#primaryimage\"},\"thumbnailUrl\":\"https:\\\/\\\/proandre.com\\\/wp-content\\\/uploads\\\/2025\\\/06\\\/eliminador-de-olores-pro-wc-1.jpg\",\"datePublished\":\"2025-06-18T10:38:31+00:00\",\"dateModified\":\"2025-09-18T11:25:54+00:00\",\"breadcrumb\":{\"@id\":\"https:\\\/\\\/proandre.com\\\/producto\\\/eliminador-de-malos-olores-pro-wc\\\/#breadcrumb\"},\"inLanguage\":\"en-GB\",\"potentialAction\":[{\"@type\":\"ReadAction\",\"target\":[\"https:\\\/\\\/proandre.com\\\/producto\\\/eliminador-de-malos-olores-pro-wc\\\/\"]}]},{\"@type\":\"ImageObject\",\"inLanguage\":\"en-GB\",\"@id\":\"https:\\\/\\\/proandre.com\\\/producto\\\/eliminador-de-malos-olores-pro-wc\\\/#primaryimage\",\"url\":\"https:\\\/\\\/proandre.com\\\/wp-content\\\/uploads\\\/2025\\\/06\\\/eliminador-de-olores-pro-wc-1.jpg\",\"contentUrl\":\"https:\\\/\\\/proandre.com\\\/wp-content\\\/uploads\\\/2025\\\/06\\\/eliminador-de-olores-pro-wc-1.jpg\",\"width\":1024,\"height\":1024,\"caption\":\"eliminador de olores pro wc 1\"},{\"@type\":\"BreadcrumbList\",\"@id\":\"https:\\\/\\\/proandre.com\\\/producto\\\/eliminador-de-malos-olores-pro-wc\\\/#breadcrumb\",\"itemListElement\":[{\"@type\":\"ListItem\",\"position\":1,\"name\":\"Portada\",\"item\":\"https:\\\/\\\/proandre.com\\\/\"},{\"@type\":\"ListItem\",\"position\":2,\"name\":\"Cat\u00e1logo\",\"item\":\"https:\\\/\\\/proandre.com\\\/catalogo\\\/\"},{\"@type\":\"ListItem\",\"position\":3,\"name\":\"Eliminador de malos olores Pro-wc\"}]},{\"@type\":\"WebSite\",\"@id\":\"https:\\\/\\\/proandre.com\\\/#website\",\"url\":\"https:\\\/\\\/proandre.com\\\/\",\"name\":\"Proandre\",\"description\":\"Proandre es una empresa espa\u00f1ola con presencia internacional, dedicada a la fabricaci\u00f3n y comercializaci\u00f3n de productos de higiene y ambientaci\u00f3n, as\u00ed como complementos para las empresas de control de plagas\",\"publisher\":{\"@id\":\"https:\\\/\\\/proandre.com\\\/#organization\"},\"potentialAction\":[{\"@type\":\"SearchAction\",\"target\":{\"@type\":\"EntryPoint\",\"urlTemplate\":\"https:\\\/\\\/proandre.com\\\/?s={search_term_string}\"},\"query-input\":{\"@type\":\"PropertyValueSpecification\",\"valueRequired\":true,\"valueName\":\"search_term_string\"}}],\"inLanguage\":\"en-GB\"},{\"@type\":\"Organization\",\"@id\":\"https:\\\/\\\/proandre.com\\\/#organization\",\"name\":\"Proandre\",\"url\":\"https:\\\/\\\/proandre.com\\\/\",\"logo\":{\"@type\":\"ImageObject\",\"inLanguage\":\"en-GB\",\"@id\":\"https:\\\/\\\/proandre.com\\\/#\\\/schema\\\/logo\\\/image\\\/\",\"url\":\"https:\\\/\\\/proandre.com\\\/wp-content\\\/uploads\\\/2025\\\/05\\\/logo-proandre.png\",\"contentUrl\":\"https:\\\/\\\/proandre.com\\\/wp-content\\\/uploads\\\/2025\\\/05\\\/logo-proandre.png\",\"width\":640,\"height\":90,\"caption\":\"Proandre\"},\"image\":{\"@id\":\"https:\\\/\\\/proandre.com\\\/#\\\/schema\\\/logo\\\/image\\\/\"}}]}<\/script>\n<!-- \/ Yoast SEO plugin. -->","yoast_head_json":{"title":"Eliminador de malos olores Pro-wc - Productos de Higiene y Ambientaci\u00f3n","robots":{"index":"index","follow":"follow","max-snippet":"max-snippet:-1","max-image-preview":"max-image-preview:large","max-video-preview":"max-video-preview:-1"},"canonical":"https:\/\/proandre.com\/en\/product\/eliminador-de-malos-olores-pro-wc\/","og_locale":"en_GB","og_type":"article","og_title":"Eliminador de malos olores Pro-wc - Productos de Higiene y Ambientaci\u00f3n","og_description":"El eliminador de malos olores PROWC es un producto especialmente formulado para el tratamiento de olores desagradables en ban\u0303os y aguas residuales.  Ficha T\u00e9cnica Pulverizador  Ficha T\u00e9cnica Nebulizador","og_url":"https:\/\/proandre.com\/en\/product\/eliminador-de-malos-olores-pro-wc\/","og_site_name":"Productos de Higiene y Ambientaci\u00f3n","article_modified_time":"2025-09-18T11:25:54+00:00","og_image":[{"width":1024,"height":1024,"url":"https:\/\/proandre.com\/wp-content\/uploads\/2025\/06\/eliminador-de-olores-pro-wc-1.jpg","type":"image\/jpeg"}],"twitter_card":"summary_large_image","schema":{"@context":"https:\/\/schema.org","@graph":[{"@type":"WebPage","@id":"https:\/\/proandre.com\/producto\/eliminador-de-malos-olores-pro-wc\/","url":"https:\/\/proandre.com\/producto\/eliminador-de-malos-olores-pro-wc\/","name":"Eliminador de malos olores Pro-wc - Productos de Higiene y Ambientaci\u00f3n","isPartOf":{"@id":"https:\/\/proandre.com\/#website"},"primaryImageOfPage":{"@id":"https:\/\/proandre.com\/producto\/eliminador-de-malos-olores-pro-wc\/#primaryimage"},"image":{"@id":"https:\/\/proandre.com\/producto\/eliminador-de-malos-olores-pro-wc\/#primaryimage"},"thumbnailUrl":"https:\/\/proandre.com\/wp-content\/uploads\/2025\/06\/eliminador-de-olores-pro-wc-1.jpg","datePublished":"2025-06-18T10:38:31+00:00","dateModified":"2025-09-18T11:25:54+00:00","breadcrumb":{"@id":"https:\/\/proandre.com\/producto\/eliminador-de-malos-olores-pro-wc\/#breadcrumb"},"inLanguage":"en-GB","potentialAction":[{"@type":"ReadAction","target":["https:\/\/proandre.com\/producto\/eliminador-de-malos-olores-pro-wc\/"]}]},{"@type":"ImageObject","inLanguage":"en-GB","@id":"https:\/\/proandre.com\/producto\/eliminador-de-malos-olores-pro-wc\/#primaryimage","url":"https:\/\/proandre.com\/wp-content\/uploads\/2025\/06\/eliminador-de-olores-pro-wc-1.jpg","contentUrl":"https:\/\/proandre.com\/wp-content\/uploads\/2025\/06\/eliminador-de-olores-pro-wc-1.jpg","width":1024,"height":1024,"caption":"eliminador de olores pro wc 1"},{"@type":"BreadcrumbList","@id":"https:\/\/proandre.com\/producto\/eliminador-de-malos-olores-pro-wc\/#breadcrumb","itemListElement":[{"@type":"ListItem","position":1,"name":"Portada","item":"https:\/\/proandre.com\/"},{"@type":"ListItem","position":2,"name":"Cat\u00e1logo","item":"https:\/\/proandre.com\/catalogo\/"},{"@type":"ListItem","position":3,"name":"Eliminador de malos olores Pro-wc"}]},{"@type":"WebSite","@id":"https:\/\/proandre.com\/#website","url":"https:\/\/proandre.com\/","name":"Proandre","description":"Proandre es una empresa espa\u00f1ola con presencia internacional, dedicada a la fabricaci\u00f3n y comercializaci\u00f3n de productos de higiene y ambientaci\u00f3n, as\u00ed como complementos para las empresas de control de plagas","publisher":{"@id":"https:\/\/proandre.com\/#organization"},"potentialAction":[{"@type":"SearchAction","target":{"@type":"EntryPoint","urlTemplate":"https:\/\/proandre.com\/?s={search_term_string}"},"query-input":{"@type":"PropertyValueSpecification","valueRequired":true,"valueName":"search_term_string"}}],"inLanguage":"en-GB"},{"@type":"Organization","@id":"https:\/\/proandre.com\/#organization","name":"Proandre","url":"https:\/\/proandre.com\/","logo":{"@type":"ImageObject","inLanguage":"en-GB","@id":"https:\/\/proandre.com\/#\/schema\/logo\/image\/","url":"https:\/\/proandre.com\/wp-content\/uploads\/2025\/05\/logo-proandre.png","contentUrl":"https:\/\/proandre.com\/wp-content\/uploads\/2025\/05\/logo-proandre.png","width":640,"height":90,"caption":"Proandre"},"image":{"@id":"https:\/\/proandre.com\/#\/schema\/logo\/image\/"}}]}},"_links":{"self":[{"href":"https:\/\/proandre.com\/en\/wp-json\/wp\/v2\/product\/5146","targetHints":{"allow":["GET"]}}],"collection":[{"href":"https:\/\/proandre.com\/en\/wp-json\/wp\/v2\/product"}],"about":[{"href":"https:\/\/proandre.com\/en\/wp-json\/wp\/v2\/types\/product"}],"version-history":[{"count":1,"href":"https:\/\/proandre.com\/en\/wp-json\/wp\/v2\/product\/5146\/revisions"}],"predecessor-version":[{"id":5402,"href":"https:\/\/proandre.com\/en\/wp-json\/wp\/v2\/product\/5146\/revisions\/5402"}],"wp:featuredmedia":[{"embeddable":true,"href":"https:\/\/proandre.com\/en\/wp-json\/wp\/v2\/media\/5756"}],"wp:attachment":[{"href":"https:\/\/proandre.com\/en\/wp-json\/wp\/v2\/media?parent=5146"}],"wp:term":[{"taxonomy":"product_brand","embeddable":true,"href":"https:\/\/proandre.com\/en\/wp-json\/wp\/v2\/product_brand?post=5146"},{"taxonomy":"product_cat","embeddable":true,"href":"https:\/\/proandre.com\/en\/wp-json\/wp\/v2\/product_cat?post=5146"},{"taxonomy":"product_tag","embeddable":true,"href":"https:\/\/proandre.com\/en\/wp-json\/wp\/v2\/product_tag?post=5146"}],"curies":[{"name":"wp","href":"https:\/\/api.w.org\/{rel}","templated":true}]}}